{"id":10,"date":"2015-04-25T13:02:58","date_gmt":"2015-04-25T13:02:58","guid":{"rendered":"http:\/\/www.dragaobranco.org.br\/site\/?page_id=10"},"modified":"2025-09-08T20:23:45","modified_gmt":"2025-09-08T20:23:45","slug":"horario-de-treino","status":"publish","type":"page","link":"https:\/\/www.dragaobranco.org.br\/site\/horario-de-treino\/","title":{"rendered":"Local e Hor\u00e1rio de treino"},"content":{"rendered":"\t\t<div data-elementor-type=\"wp-page\" data-elementor-id=\"10\" class=\"elementor elementor-10\">\n\t\t\t\t<div class=\"elementor-element elementor-element-7a3a4657 e-flex e-con-boxed e-con e-parent\" data-id=\"7a3a4657\" data-element_type=\"container\" data-e-type=\"container\">\n\t\t\t\t\t<div class=\"e-con-inner\">\n\t\t\t\t<div class=\"elementor-element elementor-element-4735628 elementor-widget elementor-widget-heading\" data-id=\"4735628\" data-element_type=\"widget\" data-e-type=\"widget\" data-widget_type=\"heading.default\">\n\t\t\t\t<div class=\"elementor-widget-container\">\n\t\t\t\t\t<h2 class=\"elementor-heading-title elementor-size-default\">Associa\u00e7\u00e3o Drag\u00e3o Branco de Artes Marciais<br>Rua Sete de Setembro, N\u00ba 1041<br>Bairro: Pedreira, Colina - SP, Cep 14770-000<\/h2>\t\t\t\t<\/div>\n\t\t\t\t<\/div>\n\t\t\t\t\t<\/div>\n\t\t\t\t<\/div>\n\t\t<div class=\"elementor-element elementor-element-04c0c79 e-flex e-con-boxed e-con e-parent\" data-id=\"04c0c79\" data-element_type=\"container\" data-e-type=\"container\">\n\t\t\t\t\t<div class=\"e-con-inner\">\n\t\t<div class=\"elementor-element elementor-element-699cd83 e-con-full e-flex e-con e-child\" data-id=\"699cd83\" data-element_type=\"container\" data-e-type=\"container\">\n\t\t\t\t<div class=\"elementor-element elementor-element-70b20af elementor-widget-mobile__width-initial elementor-widget elementor-widget-image\" data-id=\"70b20af\" data-element_type=\"widget\" data-e-type=\"widget\" data-widget_type=\"image.default\">\n\t\t\t\t<div class=\"elementor-widget-container\">\n\t\t\t\t\t\t\t\t\t\t\t\t\t\t\t<img fetchpriority=\"high\" decoding=\"async\" width=\"640\" height=\"711\" src=\"https:\/\/www.dragaobranco.org.br\/site\/wp-content\/uploads\/2025\/09\/Logo-Li-Tchuo-Pa-Photoroom-922x1024.png\" class=\"attachment-large size-large wp-image-1284\" alt=\"\" srcset=\"https:\/\/www.dragaobranco.org.br\/site\/wp-content\/uploads\/2025\/09\/Logo-Li-Tchuo-Pa-Photoroom-922x1024.png 922w, https:\/\/www.dragaobranco.org.br\/site\/wp-content\/uploads\/2025\/09\/Logo-Li-Tchuo-Pa-Photoroom-270x300.png 270w, https:\/\/www.dragaobranco.org.br\/site\/wp-content\/uploads\/2025\/09\/Logo-Li-Tchuo-Pa-Photoroom-768x853.png 768w, https:\/\/www.dragaobranco.org.br\/site\/wp-content\/uploads\/2025\/09\/Logo-Li-Tchuo-Pa-Photoroom.png 1153w\" sizes=\"(max-width: 640px) 100vw, 640px\" \/>\t\t\t\t\t\t\t\t\t\t\t\t\t\t\t<\/div>\n\t\t\t\t<\/div>\n\t\t\t\t<\/div>\n\t\t<div class=\"elementor-element elementor-element-b79c3fb e-con-full e-flex e-con e-child\" data-id=\"b79c3fb\" data-element_type=\"container\" data-e-type=\"container\">\n\t\t\t\t<div class=\"elementor-element elementor-element-25445f8 elementor-widget elementor-widget-heading\" data-id=\"25445f8\" data-element_type=\"widget\" data-e-type=\"widget\" data-widget_type=\"heading.default\">\n\t\t\t\t<div class=\"elementor-widget-container\">\n\t\t\t\t\t<h2 class=\"elementor-heading-title elementor-size-default\">Li Tchuo Pa Kung Fu<\/h2>\t\t\t\t<\/div>\n\t\t\t\t<\/div>\n\t\t\t\t<div class=\"elementor-element elementor-element-07e97d5 elementor-widget elementor-widget-text-editor\" data-id=\"07e97d5\" data-element_type=\"widget\" data-e-type=\"widget\" data-widget_type=\"text-editor.default\">\n\t\t\t\t<div class=\"elementor-widget-container\">\n\t\t\t\t\t\t\t\t\t<p><span style=\"text-align: var(--text-align);\">Per\u00edodo da Manh\u00e3<\/span><\/p>\n<p>Segunda, Ter\u00e7a, Quinta e Sexta: das 9:00 horas \u00e0s 10:30 horas<\/p>\n<p>Per\u00edodo da Tarde<\/p>\n<p>Segunda, Ter\u00e7a, Quinta e Sexta: das 15:30 horas \u00e0s 17:00 horas<\/p>\n<p>Per\u00edodo da Noite<\/p>\n<p>Segunda e Quarta : das 18:00 horas \u00e0s 20:00 horas<\/p>\t\t\t\t\t\t\t\t<\/div>\n\t\t\t\t<\/div>\n\t\t\t\t<\/div>\n\t\t\t\t\t<\/div>\n\t\t\t\t<\/div>\n\t\t<div class=\"elementor-element elementor-element-9a8281a e-con-full e-flex e-con e-parent\" data-id=\"9a8281a\" data-element_type=\"container\" data-e-type=\"container\">\n\t\t<div class=\"elementor-element elementor-element-f11fcaa e-con-full e-flex e-con e-child\" data-id=\"f11fcaa\" data-element_type=\"container\" data-e-type=\"container\">\n\t\t\t\t<div class=\"elementor-element elementor-element-d0b8342 elementor-widget elementor-widget-heading\" data-id=\"d0b8342\" data-element_type=\"widget\" data-e-type=\"widget\" data-widget_type=\"heading.default\">\n\t\t\t\t<div class=\"elementor-widget-container\">\n\t\t\t\t\t<h2 class=\"elementor-heading-title elementor-size-default\">Dan\u00e7a do Le\u00e3o Chin\u00eas<\/h2>\t\t\t\t<\/div>\n\t\t\t\t<\/div>\n\t\t\t\t<div class=\"elementor-element elementor-element-9d19c49 elementor-widget elementor-widget-text-editor\" data-id=\"9d19c49\" data-element_type=\"widget\" data-e-type=\"widget\" data-widget_type=\"text-editor.default\">\n\t\t\t\t<div class=\"elementor-widget-container\">\n\t\t\t\t\t\t\t\t\t<p><span style=\"text-align: var(--text-align);\">S\u00e1bado: das 9:30 horas \u00e0s 11:30 horas<\/span><\/p>\t\t\t\t\t\t\t\t<\/div>\n\t\t\t\t<\/div>\n\t\t\t\t<\/div>\n\t\t\t\t<div class=\"elementor-element elementor-element-a788a8f elementor-widget__width-initial elementor-widget-mobile__width-initial elementor-widget elementor-widget-image\" data-id=\"a788a8f\" data-element_type=\"widget\" data-e-type=\"widget\" data-widget_type=\"image.default\">\n\t\t\t\t<div class=\"elementor-widget-container\">\n\t\t\t\t\t\t\t\t\t\t\t\t\t\t\t<img decoding=\"async\" width=\"640\" height=\"640\" src=\"https:\/\/www.dragaobranco.org.br\/site\/wp-content\/uploads\/2025\/03\/1741301630707-1-1024x1024.png\" class=\"attachment-large size-large wp-image-1067\" alt=\"\" srcset=\"https:\/\/www.dragaobranco.org.br\/site\/wp-content\/uploads\/2025\/03\/1741301630707-1-1024x1024.png 1024w, https:\/\/www.dragaobranco.org.br\/site\/wp-content\/uploads\/2025\/03\/1741301630707-1-300x300.png 300w, https:\/\/www.dragaobranco.org.br\/site\/wp-content\/uploads\/2025\/03\/1741301630707-1-150x150.png 150w, https:\/\/www.dragaobranco.org.br\/site\/wp-content\/uploads\/2025\/03\/1741301630707-1-768x768.png 768w, https:\/\/www.dragaobranco.org.br\/site\/wp-content\/uploads\/2025\/03\/1741301630707-1.png 1064w\" sizes=\"(max-width: 640px) 100vw, 640px\" \/>\t\t\t\t\t\t\t\t\t\t\t\t\t\t\t<\/div>\n\t\t\t\t<\/div>\n\t\t<div class=\"elementor-element elementor-element-18e998e e-con-full e-flex e-con e-child\" data-id=\"18e998e\" data-element_type=\"container\" data-e-type=\"container\">\n\t\t\t\t<\/div>\n\t\t\t\t<\/div>\n\t\t<div class=\"elementor-element elementor-element-88095fd e-flex e-con-boxed e-con e-parent\" data-id=\"88095fd\" data-element_type=\"container\" data-e-type=\"container\">\n\t\t\t\t\t<div class=\"e-con-inner\">\n\t\t<div class=\"elementor-element elementor-element-277237f e-con-full e-flex e-con e-child\" data-id=\"277237f\" data-element_type=\"container\" data-e-type=\"container\">\n\t\t\t\t<div class=\"elementor-element elementor-element-8cc8032 elementor-widget__width-initial elementor-widget-mobile__width-initial elementor-widget elementor-widget-image\" data-id=\"8cc8032\" data-element_type=\"widget\" data-e-type=\"widget\" data-widget_type=\"image.default\">\n\t\t\t\t<div class=\"elementor-widget-container\">\n\t\t\t\t\t\t\t\t\t\t\t\t\t\t\t<img decoding=\"async\" width=\"640\" height=\"265\" src=\"https:\/\/www.dragaobranco.org.br\/site\/wp-content\/uploads\/2025\/09\/5StepsPodia2000-Photoroom-1024x424.png\" class=\"attachment-large size-large wp-image-1280\" alt=\"\" srcset=\"https:\/\/www.dragaobranco.org.br\/site\/wp-content\/uploads\/2025\/09\/5StepsPodia2000-Photoroom-1024x424.png 1024w, https:\/\/www.dragaobranco.org.br\/site\/wp-content\/uploads\/2025\/09\/5StepsPodia2000-Photoroom-300x124.png 300w, https:\/\/www.dragaobranco.org.br\/site\/wp-content\/uploads\/2025\/09\/5StepsPodia2000-Photoroom-768x318.png 768w, https:\/\/www.dragaobranco.org.br\/site\/wp-content\/uploads\/2025\/09\/5StepsPodia2000-Photoroom.png 1280w\" sizes=\"(max-width: 640px) 100vw, 640px\" \/>\t\t\t\t\t\t\t\t\t\t\t\t\t\t\t<\/div>\n\t\t\t\t<\/div>\n\t\t\t\t<\/div>\n\t\t<div class=\"elementor-element elementor-element-50fc61f e-con-full e-flex e-con e-child\" data-id=\"50fc61f\" data-element_type=\"container\" data-e-type=\"container\">\n\t\t\t\t<div class=\"elementor-element elementor-element-6c3cc93 elementor-widget elementor-widget-heading\" data-id=\"6c3cc93\" data-element_type=\"widget\" data-e-type=\"widget\" data-widget_type=\"heading.default\">\n\t\t\t\t<div class=\"elementor-widget-container\">\n\t\t\t\t\t<h2 class=\"elementor-heading-title elementor-size-default\">Tai Chi Chuan<\/h2>\t\t\t\t<\/div>\n\t\t\t\t<\/div>\n\t\t\t\t<div class=\"elementor-element elementor-element-edf1650 elementor-widget elementor-widget-text-editor\" data-id=\"edf1650\" data-element_type=\"widget\" data-e-type=\"widget\" data-widget_type=\"text-editor.default\">\n\t\t\t\t<div class=\"elementor-widget-container\">\n\t\t\t\t\t\t\t\t\t<p>Quinta: das 18:00 horas \u00e0s 19:00 horas<\/p>\t\t\t\t\t\t\t\t<\/div>\n\t\t\t\t<\/div>\n\t\t\t\t<\/div>\n\t\t\t\t\t<\/div>\n\t\t\t\t<\/div>\n\t\t<div class=\"elementor-element elementor-element-c92da65 e-flex e-con-boxed e-con e-parent\" data-id=\"c92da65\" data-element_type=\"container\" data-e-type=\"container\">\n\t\t\t\t\t<div class=\"e-con-inner\">\n\t\t<div class=\"elementor-element elementor-element-cfd2b51 e-con-full e-flex e-con e-child\" data-id=\"cfd2b51\" data-element_type=\"container\" data-e-type=\"container\">\n\t\t\t\t<div class=\"elementor-element elementor-element-d6ecab9 elementor-widget elementor-widget-heading\" data-id=\"d6ecab9\" data-element_type=\"widget\" data-e-type=\"widget\" data-widget_type=\"heading.default\">\n\t\t\t\t<div class=\"elementor-widget-container\">\n\t\t\t\t\t<h2 class=\"elementor-heading-title elementor-size-default\">Wushu Sanda<\/h2>\t\t\t\t<\/div>\n\t\t\t\t<\/div>\n\t\t\t\t<div class=\"elementor-element elementor-element-b8b76d4 elementor-widget elementor-widget-text-editor\" data-id=\"b8b76d4\" data-element_type=\"widget\" data-e-type=\"widget\" data-widget_type=\"text-editor.default\">\n\t\t\t\t<div class=\"elementor-widget-container\">\n\t\t\t\t\t\t\t\t\t<p>Ter\u00e7a e Sexta: das 18:00 horas \u00e0s 20:00 horas<\/p>\t\t\t\t\t\t\t\t<\/div>\n\t\t\t\t<\/div>\n\t\t\t\t<\/div>\n\t\t<div class=\"elementor-element elementor-element-934a67b e-con-full e-flex e-con e-child\" data-id=\"934a67b\" data-element_type=\"container\" data-e-type=\"container\">\n\t\t\t\t<div class=\"elementor-element elementor-element-d627a91 elementor-widget__width-initial elementor-widget-mobile__width-initial elementor-widget elementor-widget-image\" data-id=\"d627a91\" data-element_type=\"widget\" data-e-type=\"widget\" data-widget_type=\"image.default\">\n\t\t\t\t<div class=\"elementor-widget-container\">\n\t\t\t\t\t\t\t\t\t\t\t\t\t\t\t<img loading=\"lazy\" decoding=\"async\" width=\"472\" height=\"472\" src=\"https:\/\/www.dragaobranco.org.br\/site\/wp-content\/uploads\/2025\/09\/Design-sem-nome-31.png\" class=\"attachment-large size-large wp-image-1283\" alt=\"\" srcset=\"https:\/\/www.dragaobranco.org.br\/site\/wp-content\/uploads\/2025\/09\/Design-sem-nome-31.png 472w, https:\/\/www.dragaobranco.org.br\/site\/wp-content\/uploads\/2025\/09\/Design-sem-nome-31-300x300.png 300w, https:\/\/www.dragaobranco.org.br\/site\/wp-content\/uploads\/2025\/09\/Design-sem-nome-31-150x150.png 150w\" sizes=\"(max-width: 472px) 100vw, 472px\" \/>\t\t\t\t\t\t\t\t\t\t\t\t\t\t\t<\/div>\n\t\t\t\t<\/div>\n\t\t\t\t<\/div>\n\t\t\t\t\t<\/div>\n\t\t\t\t<\/div>\n\t\t\t\t<\/div>\n\t\t","protected":false},"excerpt":{"rendered":"<p>Associa\u00e7\u00e3o Drag\u00e3o Branco de Artes MarciaisRua Sete de Setembro, N\u00ba 1041Bairro: Pedreira, Colina &#8211; SP, Cep 14770-000 Li Tchuo Pa Kung Fu Per\u00edodo da Manh\u00e3 [&hellip;]<\/p>\n","protected":false},"author":1,"featured_media":846,"parent":0,"menu_order":0,"comment_status":"closed","ping_status":"closed","template":"","meta":{"footnotes":""},"class_list":["post-10","page","type-page","status-publish","has-post-thumbnail","hentry"],"_links":{"self":[{"href":"https:\/\/www.dragaobranco.org.br\/site\/wp-json\/wp\/v2\/pages\/10","targetHints":{"allow":["GET"]}}],"collection":[{"href":"https:\/\/www.dragaobranco.org.br\/site\/wp-json\/wp\/v2\/pages"}],"about":[{"href":"https:\/\/www.dragaobranco.org.br\/site\/wp-json\/wp\/v2\/types\/page"}],"author":[{"embeddable":true,"href":"https:\/\/www.dragaobranco.org.br\/site\/wp-json\/wp\/v2\/users\/1"}],"replies":[{"embeddable":true,"href":"https:\/\/www.dragaobranco.org.br\/site\/wp-json\/wp\/v2\/comments?post=10"}],"version-history":[{"count":17,"href":"https:\/\/www.dragaobranco.org.br\/site\/wp-json\/wp\/v2\/pages\/10\/revisions"}],"predecessor-version":[{"id":1287,"href":"https:\/\/www.dragaobranco.org.br\/site\/wp-json\/wp\/v2\/pages\/10\/revisions\/1287"}],"wp:featuredmedia":[{"embeddable":true,"href":"https:\/\/www.dragaobranco.org.br\/site\/wp-json\/wp\/v2\/media\/846"}],"wp:attachment":[{"href":"https:\/\/www.dragaobranco.org.br\/site\/wp-json\/wp\/v2\/media?parent=10"}],"curies":[{"name":"wp","href":"https:\/\/api.w.org\/{rel}","templated":true}]}}