{"id":1028,"date":"2025-03-06T19:39:45","date_gmt":"2025-03-06T19:39:45","guid":{"rendered":"https:\/\/www.dragaobranco.org.br\/site\/?page_id=1028"},"modified":"2025-07-30T21:42:36","modified_gmt":"2025-07-30T21:42:36","slug":"home","status":"publish","type":"page","link":"https:\/\/www.dragaobranco.org.br\/site\/","title":{"rendered":""},"content":{"rendered":"\t\t<div data-elementor-type=\"wp-page\" data-elementor-id=\"1028\" class=\"elementor elementor-1028\">\n\t\t\t\t<div class=\"elementor-element elementor-element-d25e5af e-con-full e-flex e-con e-parent\" data-id=\"d25e5af\" data-element_type=\"container\" data-e-type=\"container\">\n\t\t<div class=\"elementor-element elementor-element-3dd050b e-con-full e-flex e-con e-child\" data-id=\"3dd050b\" data-element_type=\"container\" data-e-type=\"container\">\n\t\t\t\t<div class=\"elementor-element elementor-element-81a4912 elementor-widget elementor-widget-heading\" data-id=\"81a4912\" data-element_type=\"widget\" data-e-type=\"widget\" data-widget_type=\"heading.default\">\n\t\t\t\t<div class=\"elementor-widget-container\">\n\t\t\t\t\t<h2 class=\"elementor-heading-title elementor-size-default\">Mais que um esporte<\/h2>\t\t\t\t<\/div>\n\t\t\t\t<\/div>\n\t\t\t\t<div class=\"elementor-element elementor-element-6b67323 elementor-widget elementor-widget-heading\" data-id=\"6b67323\" data-element_type=\"widget\" data-e-type=\"widget\" data-widget_type=\"heading.default\">\n\t\t\t\t<div class=\"elementor-widget-container\">\n\t\t\t\t\t<h2 class=\"elementor-heading-title elementor-size-default\">\u00c9 UM ESTILO DE VIDA<\/h2>\t\t\t\t<\/div>\n\t\t\t\t<\/div>\n\t\t\t\t<div class=\"elementor-element elementor-element-3350622 elementor-widget elementor-widget-text-editor\" data-id=\"3350622\" data-element_type=\"widget\" data-e-type=\"widget\" data-widget_type=\"text-editor.default\">\n\t\t\t\t<div class=\"elementor-widget-container\">\n\t\t\t\t\t\t\t\t\t<p>Bem-vindo \u00e0 Associa\u00e7\u00e3o Drag\u00e3o Branco de Artes Marciais! Somos uma tradicional escola de Kung Fu em Colina, no interior de S\u00e3o Paulo, dedicada ao ensino do Li Tchuo Pa Kung Fu para crian\u00e7as, adolescentes e adultos. Nossa miss\u00e3o \u00e9 promover a pr\u00e1tica dessa arte marcial, proporcionando aos praticantes mais disciplina e bem-estar<\/p>\t\t\t\t\t\t\t\t<\/div>\n\t\t\t\t<\/div>\n\t\t\t\t<\/div>\n\t\t<div class=\"elementor-element elementor-element-b4cff0b e-con-full e-flex e-con e-child\" data-id=\"b4cff0b\" data-element_type=\"container\" data-e-type=\"container\">\n\t\t\t\t<div class=\"elementor-element elementor-element-6c15986 elementor-widget elementor-widget-image\" data-id=\"6c15986\" data-element_type=\"widget\" data-e-type=\"widget\" data-widget_type=\"image.default\">\n\t\t\t\t<div class=\"elementor-widget-container\">\n\t\t\t\t\t\t\t\t\t\t\t\t\t\t\t<img fetchpriority=\"high\" decoding=\"async\" width=\"640\" height=\"480\" src=\"https:\/\/www.dragaobranco.org.br\/site\/wp-content\/uploads\/2025\/02\/WhatsApp-Image-2025-02-08-at-19.06.07-1024x768.jpeg\" class=\"attachment-large size-large wp-image-1004\" alt=\"\" srcset=\"https:\/\/www.dragaobranco.org.br\/site\/wp-content\/uploads\/2025\/02\/WhatsApp-Image-2025-02-08-at-19.06.07-1024x768.jpeg 1024w, https:\/\/www.dragaobranco.org.br\/site\/wp-content\/uploads\/2025\/02\/WhatsApp-Image-2025-02-08-at-19.06.07-300x225.jpeg 300w, https:\/\/www.dragaobranco.org.br\/site\/wp-content\/uploads\/2025\/02\/WhatsApp-Image-2025-02-08-at-19.06.07-768x576.jpeg 768w, https:\/\/www.dragaobranco.org.br\/site\/wp-content\/uploads\/2025\/02\/WhatsApp-Image-2025-02-08-at-19.06.07.jpeg 1280w\" sizes=\"(max-width: 640px) 100vw, 640px\" \/>\t\t\t\t\t\t\t\t\t\t\t\t\t\t\t<\/div>\n\t\t\t\t<\/div>\n\t\t\t\t<\/div>\n\t\t\t\t<\/div>\n\t\t<div class=\"elementor-element elementor-element-8819203 e-con-full e-flex e-con e-parent\" data-id=\"8819203\" data-element_type=\"container\" data-e-type=\"container\">\n\t\t\t\t<div class=\"elementor-element elementor-element-92fdf18 elementor-button-info elementor-widget elementor-widget-button\" data-id=\"92fdf18\" data-element_type=\"widget\" data-e-type=\"widget\" data-widget_type=\"button.default\">\n\t\t\t\t<div class=\"elementor-widget-container\">\n\t\t\t\t\t\t\t\t\t<div class=\"elementor-button-wrapper\">\n\t\t\t\t\t<a class=\"elementor-button elementor-button-link elementor-size-sm elementor-animation-grow\" href=\"https:\/\/www.google.com\/maps\/dir\/\/R.+Sete+de+Setembro,+1041+-+Pedreira,+Colina+-+SP,+14770-000\/@-20.7230865,-48.6207943,12z\/data=!4m8!4m7!1m0!1m5!1m1!1s0x94bb9324ff5c34a5:0x47556201086008cd!2m2!1d-48.5385142!2d-20.7231462?entry=ttu&#038;g_ep=EgoyMDI1MDMwMy4wIKXMDSoASAFQAw%3D%3D\">\n\t\t\t\t\t\t<span class=\"elementor-button-content-wrapper\">\n\t\t\t\t\t\t<span class=\"elementor-button-icon\">\n\t\t\t\t<svg aria-hidden=\"true\" class=\"e-font-icon-svg e-fas-map-marker-alt\" viewBox=\"0 0 384 512\" xmlns=\"http:\/\/www.w3.org\/2000\/svg\"><path d=\"M172.268 501.67C26.97 291.031 0 269.413 0 192 0 85.961 85.961 0 192 0s192 85.961 192 192c0 77.413-26.97 99.031-172.268 309.67-9.535 13.774-29.93 13.773-39.464 0zM192 272c44.183 0 80-35.817 80-80s-35.817-80-80-80-80 35.817-80 80 35.817 80 80 80z\"><\/path><\/svg>\t\t\t<\/span>\n\t\t\t\t\t\t\t\t\t<span class=\"elementor-button-text\">Onde Treinar<\/span>\n\t\t\t\t\t<\/span>\n\t\t\t\t\t<\/a>\n\t\t\t\t<\/div>\n\t\t\t\t\t\t\t\t<\/div>\n\t\t\t\t<\/div>\n\t\t\t\t<\/div>\n\t\t<div class=\"elementor-element elementor-element-61b071b e-con-full e-flex e-con e-parent\" data-id=\"61b071b\" data-element_type=\"container\" data-e-type=\"container\">\n\t\t\t\t<div class=\"elementor-element elementor-element-38985c5 elementor-widget elementor-widget-heading\" data-id=\"38985c5\" data-element_type=\"widget\" data-e-type=\"widget\" data-widget_type=\"heading.default\">\n\t\t\t\t<div class=\"elementor-widget-container\">\n\t\t\t\t\t<h2 class=\"elementor-heading-title elementor-size-default\">Docentes<\/h2>\t\t\t\t<\/div>\n\t\t\t\t<\/div>\n\t\t\t\t<\/div>\n\t\t<div class=\"elementor-element elementor-element-af82e48 e-con-full e-flex e-con e-parent\" data-id=\"af82e48\" data-element_type=\"container\" data-e-type=\"container\">\n\t\t<div class=\"elementor-element elementor-element-b3283ea e-con-full e-flex e-con e-child\" data-id=\"b3283ea\" data-element_type=\"container\" data-e-type=\"container\">\n\t\t\t\t<div class=\"elementor-element elementor-element-8afb367 elementor-widget__width-initial elementor-widget elementor-widget-image\" data-id=\"8afb367\" data-element_type=\"widget\" data-e-type=\"widget\" data-widget_type=\"image.default\">\n\t\t\t\t<div class=\"elementor-widget-container\">\n\t\t\t\t\t\t\t\t\t\t\t\t\t\t\t<img decoding=\"async\" width=\"640\" height=\"887\" src=\"https:\/\/www.dragaobranco.org.br\/site\/wp-content\/uploads\/2025\/07\/Hierarquia-Photoroom-739x1024.png\" class=\"attachment-large size-large wp-image-1261\" alt=\"\" srcset=\"https:\/\/www.dragaobranco.org.br\/site\/wp-content\/uploads\/2025\/07\/Hierarquia-Photoroom-739x1024.png 739w, https:\/\/www.dragaobranco.org.br\/site\/wp-content\/uploads\/2025\/07\/Hierarquia-Photoroom-217x300.png 217w, https:\/\/www.dragaobranco.org.br\/site\/wp-content\/uploads\/2025\/07\/Hierarquia-Photoroom-768x1064.png 768w, https:\/\/www.dragaobranco.org.br\/site\/wp-content\/uploads\/2025\/07\/Hierarquia-Photoroom.png 924w\" sizes=\"(max-width: 640px) 100vw, 640px\" \/>\t\t\t\t\t\t\t\t\t\t\t\t\t\t\t<\/div>\n\t\t\t\t<\/div>\n\t\t\t\t<div class=\"elementor-element elementor-element-50582a0 elementor-widget__width-initial elementor-widget elementor-widget-heading\" data-id=\"50582a0\" data-element_type=\"widget\" data-e-type=\"widget\" data-widget_type=\"heading.default\">\n\t\t\t\t<div class=\"elementor-widget-container\">\n\t\t\t\t\t<h2 class=\"elementor-heading-title elementor-size-default\">Mestre Gilberto Gon\u00e7alves<br>Faixa Preta 4\u00ba Grau<\/h2>\t\t\t\t<\/div>\n\t\t\t\t<\/div>\n\t\t\t\t<\/div>\n\t\t<div class=\"elementor-element elementor-element-95cc6f1 e-con-full e-flex e-con e-child\" data-id=\"95cc6f1\" data-element_type=\"container\" data-e-type=\"container\">\n\t\t\t\t<\/div>\n\t\t\t\t<\/div>\n\t\t<div class=\"elementor-element elementor-element-913df56 e-con-full e-flex e-con e-parent\" data-id=\"913df56\" data-element_type=\"container\" data-e-type=\"container\">\n\t\t<div class=\"elementor-element elementor-element-a6d2724 e-con-full e-flex e-con e-child\" data-id=\"a6d2724\" data-element_type=\"container\" data-e-type=\"container\">\n\t\t\t\t<\/div>\n\t\t<div class=\"elementor-element elementor-element-9ee887c e-con-full e-flex e-con e-child\" data-id=\"9ee887c\" data-element_type=\"container\" data-e-type=\"container\">\n\t\t\t\t<div class=\"elementor-element elementor-element-2261c62 elementor-widget__width-initial elementor-widget elementor-widget-image\" data-id=\"2261c62\" data-element_type=\"widget\" data-e-type=\"widget\" data-widget_type=\"image.default\">\n\t\t\t\t<div class=\"elementor-widget-container\">\n\t\t\t\t\t\t\t\t\t\t\t\t\t\t\t<img decoding=\"async\" width=\"640\" height=\"887\" src=\"https:\/\/www.dragaobranco.org.br\/site\/wp-content\/uploads\/2025\/07\/21-Photoroom-739x1024.png\" class=\"attachment-large size-large wp-image-1264\" alt=\"\" srcset=\"https:\/\/www.dragaobranco.org.br\/site\/wp-content\/uploads\/2025\/07\/21-Photoroom-739x1024.png 739w, https:\/\/www.dragaobranco.org.br\/site\/wp-content\/uploads\/2025\/07\/21-Photoroom-217x300.png 217w, https:\/\/www.dragaobranco.org.br\/site\/wp-content\/uploads\/2025\/07\/21-Photoroom-768x1064.png 768w, https:\/\/www.dragaobranco.org.br\/site\/wp-content\/uploads\/2025\/07\/21-Photoroom.png 924w\" sizes=\"(max-width: 640px) 100vw, 640px\" \/>\t\t\t\t\t\t\t\t\t\t\t\t\t\t\t<\/div>\n\t\t\t\t<\/div>\n\t\t\t\t<div class=\"elementor-element elementor-element-5c41abb elementor-widget elementor-widget-heading\" data-id=\"5c41abb\" data-element_type=\"widget\" data-e-type=\"widget\" data-widget_type=\"heading.default\">\n\t\t\t\t<div class=\"elementor-widget-container\">\n\t\t\t\t\t<h2 class=\"elementor-heading-title elementor-size-default\">Professor Renato Teixeira Rodrigues<br>Faixa Preta 1\u00ba Grau<\/h2>\t\t\t\t<\/div>\n\t\t\t\t<\/div>\n\t\t\t\t<\/div>\n\t\t\t\t<\/div>\n\t\t<div class=\"elementor-element elementor-element-eacc2c7 e-flex e-con-boxed e-con e-parent\" data-id=\"eacc2c7\" data-element_type=\"container\" data-e-type=\"container\">\n\t\t\t\t\t<div class=\"e-con-inner\">\n\t\t<div class=\"elementor-element elementor-element-933fd83 e-con-full e-flex e-con e-child\" data-id=\"933fd83\" data-element_type=\"container\" data-e-type=\"container\">\n\t\t\t\t<div class=\"elementor-element elementor-element-0b6f8d6 elementor-widget__width-initial elementor-widget elementor-widget-image\" data-id=\"0b6f8d6\" data-element_type=\"widget\" data-e-type=\"widget\" data-widget_type=\"image.default\">\n\t\t\t\t<div class=\"elementor-widget-container\">\n\t\t\t\t\t\t\t\t\t\t\t\t\t\t\t<img loading=\"lazy\" decoding=\"async\" width=\"640\" height=\"887\" src=\"https:\/\/www.dragaobranco.org.br\/site\/wp-content\/uploads\/2025\/07\/23-Photoroom-739x1024.png\" class=\"attachment-large size-large wp-image-1262\" alt=\"\" srcset=\"https:\/\/www.dragaobranco.org.br\/site\/wp-content\/uploads\/2025\/07\/23-Photoroom-739x1024.png 739w, https:\/\/www.dragaobranco.org.br\/site\/wp-content\/uploads\/2025\/07\/23-Photoroom-217x300.png 217w, https:\/\/www.dragaobranco.org.br\/site\/wp-content\/uploads\/2025\/07\/23-Photoroom-768x1064.png 768w, https:\/\/www.dragaobranco.org.br\/site\/wp-content\/uploads\/2025\/07\/23-Photoroom.png 924w\" sizes=\"(max-width: 640px) 100vw, 640px\" \/>\t\t\t\t\t\t\t\t\t\t\t\t\t\t\t<\/div>\n\t\t\t\t<\/div>\n\t\t\t\t<div class=\"elementor-element elementor-element-aa338f2 elementor-widget__width-initial elementor-widget elementor-widget-heading\" data-id=\"aa338f2\" data-element_type=\"widget\" data-e-type=\"widget\" data-widget_type=\"heading.default\">\n\t\t\t\t<div class=\"elementor-widget-container\">\n\t\t\t\t\t<h2 class=\"elementor-heading-title elementor-size-default\">Professor Ryquelme H. dos Santos<br>Faixa Preta 1\u00ba Grau<\/h2>\t\t\t\t<\/div>\n\t\t\t\t<\/div>\n\t\t\t\t<\/div>\n\t\t<div class=\"elementor-element elementor-element-0734e4f e-con-full e-flex e-con e-child\" data-id=\"0734e4f\" data-element_type=\"container\" data-e-type=\"container\">\n\t\t\t\t<\/div>\n\t\t\t\t\t<\/div>\n\t\t\t\t<\/div>\n\t\t<div class=\"elementor-element elementor-element-d8d3139 e-con-full e-flex e-con e-parent\" data-id=\"d8d3139\" data-element_type=\"container\" data-e-type=\"container\">\n\t\t<div class=\"elementor-element elementor-element-df1d1c0 e-con-full e-flex e-con e-child\" data-id=\"df1d1c0\" data-element_type=\"container\" data-e-type=\"container\">\n\t\t\t\t<\/div>\n\t\t<div class=\"elementor-element elementor-element-f22abc9 e-con-full e-flex e-con e-child\" data-id=\"f22abc9\" data-element_type=\"container\" data-e-type=\"container\">\n\t\t\t\t<div class=\"elementor-element elementor-element-9224132 elementor-widget__width-initial elementor-widget elementor-widget-image\" data-id=\"9224132\" data-element_type=\"widget\" data-e-type=\"widget\" data-widget_type=\"image.default\">\n\t\t\t\t<div class=\"elementor-widget-container\">\n\t\t\t\t\t\t\t\t\t\t\t\t\t\t\t<img loading=\"lazy\" decoding=\"async\" width=\"640\" height=\"887\" src=\"https:\/\/www.dragaobranco.org.br\/site\/wp-content\/uploads\/2025\/07\/22-Photoroom-739x1024.png\" class=\"attachment-large size-large wp-image-1263\" alt=\"\" srcset=\"https:\/\/www.dragaobranco.org.br\/site\/wp-content\/uploads\/2025\/07\/22-Photoroom-739x1024.png 739w, https:\/\/www.dragaobranco.org.br\/site\/wp-content\/uploads\/2025\/07\/22-Photoroom-217x300.png 217w, https:\/\/www.dragaobranco.org.br\/site\/wp-content\/uploads\/2025\/07\/22-Photoroom-768x1064.png 768w, https:\/\/www.dragaobranco.org.br\/site\/wp-content\/uploads\/2025\/07\/22-Photoroom.png 924w\" sizes=\"(max-width: 640px) 100vw, 640px\" \/>\t\t\t\t\t\t\t\t\t\t\t\t\t\t\t<\/div>\n\t\t\t\t<\/div>\n\t\t\t\t<div class=\"elementor-element elementor-element-28e534c elementor-widget__width-initial elementor-widget elementor-widget-heading\" data-id=\"28e534c\" data-element_type=\"widget\" data-e-type=\"widget\" data-widget_type=\"heading.default\">\n\t\t\t\t<div class=\"elementor-widget-container\">\n\t\t\t\t\t<h2 class=\"elementor-heading-title elementor-size-default\">Instrutora Lara Pires Gon\u00e7alves<br>Faixa Marrom 2\u00ba Grau<\/h2>\t\t\t\t<\/div>\n\t\t\t\t<\/div>\n\t\t\t\t<\/div>\n\t\t\t\t<\/div>\n\t\t\t\t<\/div>\n\t\t","protected":false},"excerpt":{"rendered":"<p>Mais que um esporte \u00c9 UM ESTILO DE VIDA Bem-vindo \u00e0 Associa\u00e7\u00e3o Drag\u00e3o Branco de Artes Marciais! Somos uma tradicional escola de Kung Fu em [&hellip;]<\/p>\n","protected":false},"author":5,"featured_media":0,"parent":0,"menu_order":0,"comment_status":"closed","ping_status":"closed","template":"template-fullwide.php","meta":{"footnotes":""},"class_list":["post-1028","page","type-page","status-publish","hentry"],"_links":{"self":[{"href":"https:\/\/www.dragaobranco.org.br\/site\/wp-json\/wp\/v2\/pages\/1028","targetHints":{"allow":["GET"]}}],"collection":[{"href":"https:\/\/www.dragaobranco.org.br\/site\/wp-json\/wp\/v2\/pages"}],"about":[{"href":"https:\/\/www.dragaobranco.org.br\/site\/wp-json\/wp\/v2\/types\/page"}],"author":[{"embeddable":true,"href":"https:\/\/www.dragaobranco.org.br\/site\/wp-json\/wp\/v2\/users\/5"}],"replies":[{"embeddable":true,"href":"https:\/\/www.dragaobranco.org.br\/site\/wp-json\/wp\/v2\/comments?post=1028"}],"version-history":[{"count":43,"href":"https:\/\/www.dragaobranco.org.br\/site\/wp-json\/wp\/v2\/pages\/1028\/revisions"}],"predecessor-version":[{"id":1267,"href":"https:\/\/www.dragaobranco.org.br\/site\/wp-json\/wp\/v2\/pages\/1028\/revisions\/1267"}],"wp:attachment":[{"href":"https:\/\/www.dragaobranco.org.br\/site\/wp-json\/wp\/v2\/media?parent=1028"}],"curies":[{"name":"wp","href":"https:\/\/api.w.org\/{rel}","templated":true}]}}