{"id":12,"date":"2015-04-25T13:03:18","date_gmt":"2015-04-25T13:03:18","guid":{"rendered":"http:\/\/www.dragaobranco.org.br\/site\/?page_id=12"},"modified":"2025-09-12T19:32:53","modified_gmt":"2025-09-12T19:32:53","slug":"projeto-social","status":"publish","type":"page","link":"https:\/\/www.dragaobranco.org.br\/site\/projeto-social\/","title":{"rendered":"Projeto Drag\u00e3o Branco de Li Tchuo Pa Kung Fu"},"content":{"rendered":"\t\t<div data-elementor-type=\"wp-page\" data-elementor-id=\"12\" class=\"elementor elementor-12\">\n\t\t\t\t<div class=\"elementor-element elementor-element-30fafa56 e-flex e-con-boxed e-con e-parent\" data-id=\"30fafa56\" data-element_type=\"container\" data-e-type=\"container\">\n\t\t\t\t\t<div class=\"e-con-inner\">\n\t\t\t\t<div class=\"elementor-element elementor-element-04b8154 elementor-widget elementor-widget-heading\" data-id=\"04b8154\" data-element_type=\"widget\" data-e-type=\"widget\" data-widget_type=\"heading.default\">\n\t\t\t\t<div class=\"elementor-widget-container\">\n\t\t\t\t\t<h2 class=\"elementor-heading-title elementor-size-default\">Projeto Drag\u00e3o Branco de Li Tchuo Pa Kung Fu<\/h2>\t\t\t\t<\/div>\n\t\t\t\t<\/div>\n\t\t\t\t<div class=\"elementor-element elementor-element-482be64f elementor-widget elementor-widget-text-editor\" data-id=\"482be64f\" data-element_type=\"widget\" data-e-type=\"widget\" data-widget_type=\"text-editor.default\">\n\t\t\t\t<div class=\"elementor-widget-container\">\n\t\t\t\t\t\t\t\t\t<p style=\"text-align: center;\"><img fetchpriority=\"high\" decoding=\"async\" class=\"alignnone size-full wp-image-231\" src=\"https:\/\/www.dragaobranco.org.br\/site\/wp-content\/uploads\/2015\/04\/kf1.jpg\" alt=\"kf1\" width=\"500\" height=\"269\" srcset=\"https:\/\/www.dragaobranco.org.br\/site\/wp-content\/uploads\/2015\/04\/kf1.jpg 500w, https:\/\/www.dragaobranco.org.br\/site\/wp-content\/uploads\/2015\/04\/kf1-300x161.jpg 300w\" sizes=\"(max-width: 500px) 100vw, 500px\" \/><\/p><p>O presente projeto justifica-se pela necessidade de ampliar o acesso da comunidade colinense a pr\u00e1ticas esportivas e culturais que, al\u00e9m de promoverem a sa\u00fade f\u00edsica e mental, contribuem de forma efetiva para a forma\u00e7\u00e3o cidad\u00e3 e a inclus\u00e3o social.<\/p><p>Desenvolvido em parceria com a Prefeitura Municipal de Colina, por interm\u00e9dio da Secretaria Municipal de Esportes, o projeto visa oportunizar \u00e0s crian\u00e7as, adolescentes e demais membros da comunidade a viv\u00eancia da arte marcial em car\u00e1ter educativo, formativo e construtivo, tendo como princ\u00edpios basilares a disciplina, a seriedade e a responsabilidade social.<\/p><p style=\"text-align: center;\"><img decoding=\"async\" class=\"alignnone size-full wp-image-232\" src=\"https:\/\/www.dragaobranco.org.br\/site\/wp-content\/uploads\/2015\/04\/Kung-fu-kf2.jpg\" alt=\"Kung fu kf2\" width=\"500\" height=\"256\" srcset=\"https:\/\/www.dragaobranco.org.br\/site\/wp-content\/uploads\/2015\/04\/Kung-fu-kf2.jpg 500w, https:\/\/www.dragaobranco.org.br\/site\/wp-content\/uploads\/2015\/04\/Kung-fu-kf2-300x154.jpg 300w\" sizes=\"(max-width: 500px) 100vw, 500px\" \/><\/p><p>A pr\u00e1tica das artes marciais, inserida em um sistema organizacional e pedag\u00f3gico fundamentado em bases t\u00e9cnicas e profissionais, apresenta-se como instrumento eficaz de preven\u00e7\u00e3o de condutas de risco e dist\u00farbios sociais, al\u00e9m de possibilitar a manuten\u00e7\u00e3o da sa\u00fade e a ocupa\u00e7\u00e3o produtiva e saud\u00e1vel do tempo livre de crian\u00e7as e adolescentes.<\/p><p>Ademais, o projeto promove a democratiza\u00e7\u00e3o do acesso \u00e0s atividades f\u00edsicas e esportivas, fomentando a inclus\u00e3o social, a preserva\u00e7\u00e3o de valores morais e c\u00edvicos, a valoriza\u00e7\u00e3o das ra\u00edzes e heran\u00e7as culturais, bem como a conscientiza\u00e7\u00e3o de princ\u00edpios socioeducativos, tais como: coeduca\u00e7\u00e3o, coopera\u00e7\u00e3o, emancipa\u00e7\u00e3o, totalidade, participa\u00e7\u00e3o e regionalismo.<\/p><p>Nesse sentido, evidencia-se que a proposta atende a finalidades de relevante interesse p\u00fablico, uma vez que contribui para a forma\u00e7\u00e3o integral do indiv\u00edduo, fortalece a solidariedade comunit\u00e1ria, aprimora o desenvolvimento psicomotor, eleva o condicionamento f\u00edsico e, sobretudo, oferece \u00e0s novas gera\u00e7\u00f5es alternativas concretas de crescimento pessoal e social.<\/p>\t\t\t\t\t\t\t\t<\/div>\n\t\t\t\t<\/div>\n\t\t\t\t\t<\/div>\n\t\t\t\t<\/div>\n\t\t\t\t<\/div>\n\t\t","protected":false},"excerpt":{"rendered":"<p>Projeto Drag\u00e3o Branco de Li Tchuo Pa Kung Fu O presente projeto justifica-se pela necessidade de ampliar o acesso da comunidade colinense a pr\u00e1ticas esportivas [&hellip;]<\/p>\n","protected":false},"author":1,"featured_media":0,"parent":0,"menu_order":0,"comment_status":"closed","ping_status":"closed","template":"","meta":{"footnotes":""},"class_list":["post-12","page","type-page","status-publish","hentry"],"_links":{"self":[{"href":"https:\/\/www.dragaobranco.org.br\/site\/wp-json\/wp\/v2\/pages\/12","targetHints":{"allow":["GET"]}}],"collection":[{"href":"https:\/\/www.dragaobranco.org.br\/site\/wp-json\/wp\/v2\/pages"}],"about":[{"href":"https:\/\/www.dragaobranco.org.br\/site\/wp-json\/wp\/v2\/types\/page"}],"author":[{"embeddable":true,"href":"https:\/\/www.dragaobranco.org.br\/site\/wp-json\/wp\/v2\/users\/1"}],"replies":[{"embeddable":true,"href":"https:\/\/www.dragaobranco.org.br\/site\/wp-json\/wp\/v2\/comments?post=12"}],"version-history":[{"count":14,"href":"https:\/\/www.dragaobranco.org.br\/site\/wp-json\/wp\/v2\/pages\/12\/revisions"}],"predecessor-version":[{"id":1322,"href":"https:\/\/www.dragaobranco.org.br\/site\/wp-json\/wp\/v2\/pages\/12\/revisions\/1322"}],"wp:attachment":[{"href":"https:\/\/www.dragaobranco.org.br\/site\/wp-json\/wp\/v2\/media?parent=12"}],"curies":[{"name":"wp","href":"https:\/\/api.w.org\/{rel}","templated":true}]}}