{"id":123,"date":"2015-05-19T17:20:43","date_gmt":"2015-05-19T17:20:43","guid":{"rendered":"http:\/\/www.dragaobranco.org.br\/site\/?page_id=123"},"modified":"2018-05-30T22:59:07","modified_gmt":"2018-05-30T22:59:07","slug":"fotos","status":"publish","type":"page","link":"https:\/\/www.dragaobranco.org.br\/site\/galeria\/fotos\/","title":{"rendered":"Fotos"},"content":{"rendered":"<p>2018<\/p>\n<p><a href=\"https:\/\/www.dragaobranco.org.br\/site\/34-campeonato\/\">34\u00b0 Campeonato estadual<\/a><\/p>\n<p>2017<\/p>\n<p><a href=\"https:\/\/www.dragaobranco.org.br\/site\/o-intenso-abril\/\">O Intenso Abril<\/a><br \/>\n<a href=\"https:\/\/www.dragaobranco.org.br\/site\/2o-campeonato-regional-de-jardinopolis\">2\u00ba Campeonato Regional de Jardin\u00f3polis<\/a><br \/>\n<a href=\"https:\/\/www.dragaobranco.org.br\/site\/entrega-de-faixa\/\">Entrega de Faixas<\/a><br \/>\n<a href=\"https:\/\/www.dragaobranco.org.br\/site\/festa-do-ano-novo-chines-2017\/\">Festa do Ano Novo Chin\u00eas 2017<\/a><\/p>\n<p>2016<\/p>\n<p><a href=\"https:\/\/www.dragaobranco.org.br\/site\/exame-graduacao-dezembro-2016\/\">Exame Gradua\u00e7\u00e3o Dezembro 2016<\/a><br \/>\n<a href=\"https:\/\/www.dragaobranco.org.br\/site\/campeonato-nacional-de-li-tchuo-pa-kung-fu-2016\">Campeonato Nacional de Li Tchuo Pa Kung Fu 2016<\/a><br \/>\n<a href=\"https:\/\/www.dragaobranco.org.br\/site\/colina-sertanejo-brasil-2016\/\">Colina Sertanejo Brasil 2016<\/a><br \/>\n<a href=\"https:\/\/www.dragaobranco.org.br\/site\/exame-de-graduacao-julho-2016\/\">Exame Gradua\u00e7\u00e3o Julho &#8211; 2016<\/a><br \/>\n<a href=\"https:\/\/www.dragaobranco.org.br\/site\/baile-da-festa-do-cavalo-2016\/\">Baile da Festa do Cavalo 2016<\/a><br \/>\n<a href=\" https:\/\/www.dragaobranco.org.br\/site\/xxxii-campeonato-estadual-de-li-tchuo-pa-kung-fu\/\">XXXII Campeonato estadual de Li tchu\u00f3 pa Kung fu<\/a><br \/>\n<a href=\"https:\/\/www.dragaobranco.org.br\/site\/?p=459\">XII Circuito Paulista de Li Tchuo Pa Kung Fu<\/a><br \/>\n<a href=\"https:\/\/www.dragaobranco.org.br\/site\/?p=453\">III Festa da Pizza<\/a><br \/>\n<a href=\"https:\/\/www.dragaobranco.org.br\/site\/?p=445\">Ano Novo Chin\u00eas &#8211; Pra\u00e7a da Liberdade 2016<\/a><\/p>\n<p>2015<br \/>\n<a href=\"https:\/\/www.dragaobranco.org.br\/site\/?p=432\">XXXI Campeonato Nacional<\/a><br \/>\n<a href=\"https:\/\/www.dragaobranco.org.br\/site\/?p=429\">Formatura EMEF Henrique Ernesto Paro<\/a><br \/>\n<a href=\"https:\/\/www.dragaobranco.org.br\/site\/?p=383\" target=\"_blank\" rel=\"noopener noreferrer\">VIII Copa Okida de Li Tchuo Pa Kung Fu<\/a><br \/>\n<a href=\"https:\/\/www.dragaobranco.org.br\/site\/?p=385\" target=\"_blank\" rel=\"noopener noreferrer\">Colina Samba e Sertanejo Brasil<\/a><br \/>\n<a href=\"https:\/\/www.dragaobranco.org.br\/site\/?p=354\" target=\"_blank\" rel=\"noopener noreferrer\">Ato C\u00edvico Setembro 2015<\/a><br \/>\n<a href=\"https:\/\/www.dragaobranco.org.br\/site\/?p=358\" target=\"_blank\" rel=\"noopener noreferrer\">Copa IX Copa Huang Hu Piao de Li Tchuo Pa Kung Fu<\/a><br \/>\n<a href=\"https:\/\/www.dragaobranco.org.br\/site\/?p=336\">Entrega deuniformes e equipamentos Projeto Kung Fu na Escola<\/a><br \/>\n<a href=\"https:\/\/www.dragaobranco.org.br\/site\/?p=323\" target=\"_blank\" rel=\"noopener noreferrer\">Copa Colina Kids 2015<\/a><br \/>\n<a href=\"https:\/\/www.dragaobranco.org.br\/site\/xxxi-circuito-estadual-de-li-tchuo-pa-kung-fu\/\">Circuito Paulista 2015<\/a><br \/>\n<a href=\"https:\/\/www.dragaobranco.org.br\/site\/fotos-diversas\/\">Fotos Diversas<\/a><br \/>\n<a href=\"https:\/\/www.dragaobranco.org.br\/site\/fotos-dia-a-dia\/\">Fotos dia a dia <\/a><br \/>\n<a href=\"https:\/\/www.dragaobranco.org.br\/site\/treino-danca-do-leao\/\">Treino Dan\u00e7a do Le\u00e3o<\/a><br \/>\n<a href=\"https:\/\/www.dragaobranco.org.br\/site\/?p=150\">Comemora\u00e7\u00e3o ano novo chin\u00eas 2015<\/a><br \/>\n<a href=\"https:\/\/www.dragaobranco.org.br\/site\/treino\">Treino em geral<\/a><br \/>\n<a href=\"https:\/\/www.dragaobranco.org.br\/site\/imprensa\/\">Imprensa<\/a><\/p>\n<p><a href=\"https:\/\/www.dragaobranco.org.br\/site\/?p=441\">https:\/\/www.dragaobranco.org.br\/site\/?p=441<\/a>2014<\/p>\n<p><a href=\"https:\/\/www.dragaobranco.org.br\/site\/x-circuito-paulista-2014\/\">Circuito Paulista<\/a><br \/>\n<a href=\"https:\/\/www.dragaobranco.org.br\/site\/?p=148\">Comemora\u00e7\u00e3o Ano Chin\u00eas 2014<\/a><br \/>\n<a href=\"https:\/\/www.dragaobranco.org.br\/site\/apresentacao-festa-peao-2014\/\">Apresenta\u00e7\u00e3o Festa do Pe\u00e3o 2014<\/a><br \/>\n<a href=\"https:\/\/www.dragaobranco.org.br\/site\/apresentacao-031214\/\">Apresenta\u00e7\u00e3o 03\/12\/2014<\/a><\/p>\n<p>2013<\/p>\n<p><a href=\"https:\/\/www.dragaobranco.org.br\/site\/campeonatos-2013\/\">Campeonatos 2013<\/a><br \/>\n<a href=\"https:\/\/www.dragaobranco.org.br\/site\/do-fundo-do-bau\/\">Do fundo do Bau<\/a><\/p>\n","protected":false},"excerpt":{"rendered":"<p>2018 34\u00b0 Campeonato estadual 2017 O Intenso Abril 2\u00ba Campeonato Regional de Jardin\u00f3polis Entrega de Faixas Festa do Ano Novo Chin\u00eas 2017 2016 Exame Gradua\u00e7\u00e3o [&hellip;]<\/p>\n","protected":false},"author":1,"featured_media":0,"parent":18,"menu_order":0,"comment_status":"closed","ping_status":"closed","template":"","meta":{"footnotes":""},"class_list":["post-123","page","type-page","status-publish","hentry"],"_links":{"self":[{"href":"https:\/\/www.dragaobranco.org.br\/site\/wp-json\/wp\/v2\/pages\/123","targetHints":{"allow":["GET"]}}],"collection":[{"href":"https:\/\/www.dragaobranco.org.br\/site\/wp-json\/wp\/v2\/pages"}],"about":[{"href":"https:\/\/www.dragaobranco.org.br\/site\/wp-json\/wp\/v2\/types\/page"}],"author":[{"embeddable":true,"href":"https:\/\/www.dragaobranco.org.br\/site\/wp-json\/wp\/v2\/users\/1"}],"replies":[{"embeddable":true,"href":"https:\/\/www.dragaobranco.org.br\/site\/wp-json\/wp\/v2\/comments?post=123"}],"version-history":[{"count":0,"href":"https:\/\/www.dragaobranco.org.br\/site\/wp-json\/wp\/v2\/pages\/123\/revisions"}],"up":[{"embeddable":true,"href":"https:\/\/www.dragaobranco.org.br\/site\/wp-json\/wp\/v2\/pages\/18"}],"wp:attachment":[{"href":"https:\/\/www.dragaobranco.org.br\/site\/wp-json\/wp\/v2\/media?parent=123"}],"curies":[{"name":"wp","href":"https:\/\/api.w.org\/{rel}","templated":true}]}}