{"id":14,"date":"2015-04-25T13:03:46","date_gmt":"2015-04-25T13:03:46","guid":{"rendered":"http:\/\/www.dragaobranco.org.br\/site\/?page_id=14"},"modified":"2025-03-09T02:31:08","modified_gmt":"2025-03-09T02:31:08","slug":"danca-do-leao","status":"publish","type":"page","link":"https:\/\/www.dragaobranco.org.br\/site\/associacao\/danca-do-leao\/","title":{"rendered":"Dan\u00e7a do le\u00e3o"},"content":{"rendered":"\t\t<div data-elementor-type=\"wp-page\" data-elementor-id=\"14\" class=\"elementor elementor-14\">\n\t\t\t\t<div class=\"elementor-element elementor-element-8bba5d3 e-flex e-con-boxed e-con e-parent\" data-id=\"8bba5d3\" data-element_type=\"container\" data-e-type=\"container\">\n\t\t\t\t\t<div class=\"e-con-inner\">\n\t\t\t\t<div class=\"elementor-element elementor-element-b1a777d elementor-widget__width-initial elementor-widget elementor-widget-image\" data-id=\"b1a777d\" data-element_type=\"widget\" data-e-type=\"widget\" data-widget_type=\"image.default\">\n\t\t\t\t<div class=\"elementor-widget-container\">\n\t\t\t\t\t\t\t\t\t\t\t\t\t\t\t<img fetchpriority=\"high\" decoding=\"async\" width=\"640\" height=\"640\" src=\"https:\/\/www.dragaobranco.org.br\/site\/wp-content\/uploads\/2025\/03\/1741301630707-1-1024x1024.png\" class=\"attachment-large size-large wp-image-1067\" alt=\"\" srcset=\"https:\/\/www.dragaobranco.org.br\/site\/wp-content\/uploads\/2025\/03\/1741301630707-1-1024x1024.png 1024w, https:\/\/www.dragaobranco.org.br\/site\/wp-content\/uploads\/2025\/03\/1741301630707-1-300x300.png 300w, https:\/\/www.dragaobranco.org.br\/site\/wp-content\/uploads\/2025\/03\/1741301630707-1-150x150.png 150w, https:\/\/www.dragaobranco.org.br\/site\/wp-content\/uploads\/2025\/03\/1741301630707-1-768x768.png 768w, https:\/\/www.dragaobranco.org.br\/site\/wp-content\/uploads\/2025\/03\/1741301630707-1.png 1064w\" sizes=\"(max-width: 640px) 100vw, 640px\" \/>\t\t\t\t\t\t\t\t\t\t\t\t\t\t\t<\/div>\n\t\t\t\t<\/div>\n\t\t<div class=\"elementor-element elementor-element-4bee87e e-con-full e-flex e-con e-child\" data-id=\"4bee87e\" data-element_type=\"container\" data-e-type=\"container\">\n\t\t\t\t<div class=\"elementor-element elementor-element-4ab11c0 elementor-widget elementor-widget-heading\" data-id=\"4ab11c0\" data-element_type=\"widget\" data-e-type=\"widget\" data-widget_type=\"heading.default\">\n\t\t\t\t<div class=\"elementor-widget-container\">\n\t\t\t\t\t<h2 class=\"elementor-heading-title elementor-size-default\">Dan\u00e7a do Le\u00e3o Chin\u00eas<\/h2>\t\t\t\t<\/div>\n\t\t\t\t<\/div>\n\t\t\t\t<\/div>\n\t\t<div class=\"elementor-element elementor-element-0193998 e-con-full e-flex e-con e-child\" data-id=\"0193998\" data-element_type=\"container\" data-e-type=\"container\">\n\t\t\t\t<div class=\"elementor-element elementor-element-a3537e0 elementor-widget__width-initial elementor-widget elementor-widget-video\" data-id=\"a3537e0\" data-element_type=\"widget\" data-e-type=\"widget\" data-settings=\"{&quot;youtube_url&quot;:&quot;https:\\\/\\\/youtu.be\\\/D_7ccWJu9bw?si=S5vsbT9pDJF39SnQ&quot;,&quot;video_type&quot;:&quot;youtube&quot;,&quot;controls&quot;:&quot;yes&quot;}\" data-widget_type=\"video.default\">\n\t\t\t\t<div class=\"elementor-widget-container\">\n\t\t\t\t\t\t\t<div class=\"elementor-wrapper elementor-open-inline\">\n\t\t\t<div class=\"elementor-video\"><\/div>\t\t<\/div>\n\t\t\t\t\t\t<\/div>\n\t\t\t\t<\/div>\n\t\t\t\t<\/div>\n\t\t\t\t\t<\/div>\n\t\t\t\t<\/div>\n\t\t<div class=\"elementor-element elementor-element-73bce18 e-con-full e-flex e-con e-parent\" data-id=\"73bce18\" data-element_type=\"container\" data-e-type=\"container\">\n\t\t\t\t<div class=\"elementor-element elementor-element-7b036f9 elementor-widget elementor-widget-text-editor\" data-id=\"7b036f9\" data-element_type=\"widget\" data-e-type=\"widget\" data-widget_type=\"text-editor.default\">\n\t\t\t\t<div class=\"elementor-widget-container\">\n\t\t\t\t\t\t\t\t\t<p class=\"MsoNormal\">A Dan\u00e7a do Le\u00e3o Chin\u00eas faz parte da cultura e hist\u00f3ria da China h\u00e1 milhares de anos. Na tradi\u00e7\u00e3o chinesa, os le\u00f5es s\u00e3o vistos como criaturas importantes, associadas \u00e0 nobreza e dignidade. Ao longo dos s\u00e9culos, essa figura tem simbolizado for\u00e7a, coragem e sabedoria.<\/p>\t\t\t\t\t\t\t\t<\/div>\n\t\t\t\t<\/div>\n\t\t\t\t<\/div>\n\t\t<div class=\"elementor-element elementor-element-98c5826 e-con-full e-flex e-con e-parent\" data-id=\"98c5826\" data-element_type=\"container\" data-e-type=\"container\">\n\t\t\t\t<div class=\"elementor-element elementor-element-8aec09c elementor-widget elementor-widget-image\" data-id=\"8aec09c\" data-element_type=\"widget\" data-e-type=\"widget\" data-widget_type=\"image.default\">\n\t\t\t\t<div class=\"elementor-widget-container\">\n\t\t\t\t\t\t\t\t\t\t\t\t\t\t\t<img decoding=\"async\" width=\"640\" height=\"480\" src=\"https:\/\/www.dragaobranco.org.br\/site\/wp-content\/uploads\/2025\/02\/WhatsApp-Image-2025-02-08-at-18.53.04-1-1024x768.jpeg\" class=\"attachment-large size-large wp-image-1008\" alt=\"\" srcset=\"https:\/\/www.dragaobranco.org.br\/site\/wp-content\/uploads\/2025\/02\/WhatsApp-Image-2025-02-08-at-18.53.04-1-1024x768.jpeg 1024w, https:\/\/www.dragaobranco.org.br\/site\/wp-content\/uploads\/2025\/02\/WhatsApp-Image-2025-02-08-at-18.53.04-1-300x225.jpeg 300w, https:\/\/www.dragaobranco.org.br\/site\/wp-content\/uploads\/2025\/02\/WhatsApp-Image-2025-02-08-at-18.53.04-1-768x576.jpeg 768w, https:\/\/www.dragaobranco.org.br\/site\/wp-content\/uploads\/2025\/02\/WhatsApp-Image-2025-02-08-at-18.53.04-1.jpeg 1080w\" sizes=\"(max-width: 640px) 100vw, 640px\" \/>\t\t\t\t\t\t\t\t\t\t\t\t\t\t\t<\/div>\n\t\t\t\t<\/div>\n\t\t\t\t<\/div>\n\t\t<div class=\"elementor-element elementor-element-4eded89 e-flex e-con-boxed e-con e-parent\" data-id=\"4eded89\" data-element_type=\"container\" data-e-type=\"container\">\n\t\t\t\t\t<div class=\"e-con-inner\">\n\t\t\t\t<div class=\"elementor-element elementor-element-186a477 elementor-widget elementor-widget-text-editor\" data-id=\"186a477\" data-element_type=\"widget\" data-e-type=\"widget\" data-widget_type=\"text-editor.default\">\n\t\t\t\t<div class=\"elementor-widget-container\">\n\t\t\t\t\t\t\t\t\t<p class=\"MsoNormal\">Embora n\u00e3o seja uma pr\u00e1tica religiosa, a dan\u00e7a representa a purifica\u00e7\u00e3o do ambiente e a expuls\u00e3o de energias negativas, trazendo alegria e prosperidade para todos os presentes. Uma performance envolve a representa\u00e7\u00e3o de um le\u00e3o, manipulada por dois artistas \u2014 um controlando a cabe\u00e7a e outro a cauda. Seus movimentos s\u00e3o acompanhados por uma pequena banda composta por tambor, pratos e gongo, criando uma apresenta\u00e7\u00e3o vibrante e harmoniosa.<\/p>\t\t\t\t\t\t\t\t<\/div>\n\t\t\t\t<\/div>\n\t\t\t\t\t<\/div>\n\t\t\t\t<\/div>\n\t\t<div class=\"elementor-element elementor-element-16f0db6 e-con-full e-flex e-con e-parent\" data-id=\"16f0db6\" data-element_type=\"container\" data-e-type=\"container\">\n\t\t\t\t<div class=\"elementor-element elementor-element-d9f6443 elementor-widget elementor-widget-image\" data-id=\"d9f6443\" data-element_type=\"widget\" data-e-type=\"widget\" data-widget_type=\"image.default\">\n\t\t\t\t<div class=\"elementor-widget-container\">\n\t\t\t\t\t\t\t\t\t\t\t\t\t\t\t<img decoding=\"async\" width=\"640\" height=\"487\" src=\"https:\/\/www.dragaobranco.org.br\/site\/wp-content\/uploads\/2024\/09\/IMG-20240914-WA0045-1024x779.jpg\" class=\"attachment-large size-large wp-image-988\" alt=\"\" srcset=\"https:\/\/www.dragaobranco.org.br\/site\/wp-content\/uploads\/2024\/09\/IMG-20240914-WA0045-1024x779.jpg 1024w, https:\/\/www.dragaobranco.org.br\/site\/wp-content\/uploads\/2024\/09\/IMG-20240914-WA0045-300x228.jpg 300w, https:\/\/www.dragaobranco.org.br\/site\/wp-content\/uploads\/2024\/09\/IMG-20240914-WA0045-768x584.jpg 768w, https:\/\/www.dragaobranco.org.br\/site\/wp-content\/uploads\/2024\/09\/IMG-20240914-WA0045.jpg 1170w\" sizes=\"(max-width: 640px) 100vw, 640px\" \/>\t\t\t\t\t\t\t\t\t\t\t\t\t\t\t<\/div>\n\t\t\t\t<\/div>\n\t\t\t\t<\/div>\n\t\t<div class=\"elementor-element elementor-element-9cdbdc9 e-flex e-con-boxed e-con e-parent\" data-id=\"9cdbdc9\" data-element_type=\"container\" data-e-type=\"container\">\n\t\t\t\t\t<div class=\"e-con-inner\">\n\t\t\t\t<div class=\"elementor-element elementor-element-6956392 elementor-widget elementor-widget-text-editor\" data-id=\"6956392\" data-element_type=\"widget\" data-e-type=\"widget\" data-widget_type=\"text-editor.default\">\n\t\t\t\t<div class=\"elementor-widget-container\">\n\t\t\t\t\t\t\t\t\t<p class=\"MsoNormal\">O espet\u00e1culo conta com a presen\u00e7a do Daai Tau Fat (Buda Sorridente ou Buda de Cabe\u00e7a Grande), que, com coragem, vitalidade e entusiasmo, acompanha o Le\u00e3o em suas encantadoras travessuras. Segundo a lenda, ao ser recebido calorosamente, o Le\u00e3o atrai sorte e harmoniza o ambiente, o que justifica a tradi\u00e7\u00e3o de realizar essa dan\u00e7a antes de cerim\u00f4nias e eventos festivos.<\/p>\t\t\t\t\t\t\t\t<\/div>\n\t\t\t\t<\/div>\n\t\t\t\t\t<\/div>\n\t\t\t\t<\/div>\n\t\t<div class=\"elementor-element elementor-element-232e825 e-flex e-con-boxed e-con e-parent\" data-id=\"232e825\" data-element_type=\"container\" data-e-type=\"container\">\n\t\t\t\t\t<div class=\"e-con-inner\">\n\t\t\t\t<div class=\"elementor-element elementor-element-7fc35ef elementor-widget__width-initial elementor-widget elementor-widget-image\" data-id=\"7fc35ef\" data-element_type=\"widget\" data-e-type=\"widget\" data-widget_type=\"image.default\">\n\t\t\t\t<div class=\"elementor-widget-container\">\n\t\t\t\t\t\t\t\t\t\t\t\t\t\t\t<img loading=\"lazy\" decoding=\"async\" width=\"640\" height=\"480\" src=\"https:\/\/www.dragaobranco.org.br\/site\/wp-content\/uploads\/2025\/02\/WhatsApp-Image-2025-02-08-at-18.53.04-4-1024x768.jpeg\" class=\"attachment-large size-large wp-image-1009\" alt=\"\" srcset=\"https:\/\/www.dragaobranco.org.br\/site\/wp-content\/uploads\/2025\/02\/WhatsApp-Image-2025-02-08-at-18.53.04-4-1024x768.jpeg 1024w, https:\/\/www.dragaobranco.org.br\/site\/wp-content\/uploads\/2025\/02\/WhatsApp-Image-2025-02-08-at-18.53.04-4-300x225.jpeg 300w, https:\/\/www.dragaobranco.org.br\/site\/wp-content\/uploads\/2025\/02\/WhatsApp-Image-2025-02-08-at-18.53.04-4-768x576.jpeg 768w, https:\/\/www.dragaobranco.org.br\/site\/wp-content\/uploads\/2025\/02\/WhatsApp-Image-2025-02-08-at-18.53.04-4.jpeg 1080w\" sizes=\"(max-width: 640px) 100vw, 640px\" \/>\t\t\t\t\t\t\t\t\t\t\t\t\t\t\t<\/div>\n\t\t\t\t<\/div>\n\t\t\t\t\t<\/div>\n\t\t\t\t<\/div>\n\t\t\t\t<\/div>\n\t\t","protected":false},"excerpt":{"rendered":"<p>Dan\u00e7a do Le\u00e3o Chin\u00eas https:\/\/youtu.be\/D_7ccWJu9bw?si=S5vsbT9pDJF39SnQ A Dan\u00e7a do Le\u00e3o Chin\u00eas faz parte da cultura e hist\u00f3ria da China h\u00e1 milhares de anos. Na tradi\u00e7\u00e3o chinesa, [&hellip;]<\/p>\n","protected":false},"author":1,"featured_media":199,"parent":30,"menu_order":0,"comment_status":"closed","ping_status":"closed","template":"","meta":{"footnotes":""},"class_list":["post-14","page","type-page","status-publish","has-post-thumbnail","hentry"],"_links":{"self":[{"href":"https:\/\/www.dragaobranco.org.br\/site\/wp-json\/wp\/v2\/pages\/14","targetHints":{"allow":["GET"]}}],"collection":[{"href":"https:\/\/www.dragaobranco.org.br\/site\/wp-json\/wp\/v2\/pages"}],"about":[{"href":"https:\/\/www.dragaobranco.org.br\/site\/wp-json\/wp\/v2\/types\/page"}],"author":[{"embeddable":true,"href":"https:\/\/www.dragaobranco.org.br\/site\/wp-json\/wp\/v2\/users\/1"}],"replies":[{"embeddable":true,"href":"https:\/\/www.dragaobranco.org.br\/site\/wp-json\/wp\/v2\/comments?post=14"}],"version-history":[{"count":9,"href":"https:\/\/www.dragaobranco.org.br\/site\/wp-json\/wp\/v2\/pages\/14\/revisions"}],"predecessor-version":[{"id":1228,"href":"https:\/\/www.dragaobranco.org.br\/site\/wp-json\/wp\/v2\/pages\/14\/revisions\/1228"}],"up":[{"embeddable":true,"href":"https:\/\/www.dragaobranco.org.br\/site\/wp-json\/wp\/v2\/pages\/30"}],"wp:featuredmedia":[{"embeddable":true,"href":"https:\/\/www.dragaobranco.org.br\/site\/wp-json\/wp\/v2\/media\/199"}],"wp:attachment":[{"href":"https:\/\/www.dragaobranco.org.br\/site\/wp-json\/wp\/v2\/media?parent=14"}],"curies":[{"name":"wp","href":"https:\/\/api.w.org\/{rel}","templated":true}]}}