{"id":142,"date":"2015-05-19T17:39:56","date_gmt":"2015-05-19T17:39:56","guid":{"rendered":"http:\/\/www.dragaobranco.org.br\/site\/?page_id=142"},"modified":"2022-11-08T19:24:39","modified_gmt":"2022-11-08T19:24:39","slug":"apresentacao-festa-peao-2014","status":"publish","type":"page","link":"https:\/\/www.dragaobranco.org.br\/site\/apresentacao-festa-peao-2014\/","title":{"rendered":"Apresenta\u00e7\u00e3o Festa Pe\u00e3o 2014"},"content":{"rendered":"<p><!--FBGallery2 731244303591842 --><!--\/FBGallery2--> <\/p>\n","protected":false},"excerpt":{"rendered":"","protected":false},"author":1,"featured_media":0,"parent":0,"menu_order":0,"comment_status":"closed","ping_status":"closed","template":"","meta":{"footnotes":""},"class_list":["post-142","page","type-page","status-publish","hentry"],"_links":{"self":[{"href":"https:\/\/www.dragaobranco.org.br\/site\/wp-json\/wp\/v2\/pages\/142","targetHints":{"allow":["GET"]}}],"collection":[{"href":"https:\/\/www.dragaobranco.org.br\/site\/wp-json\/wp\/v2\/pages"}],"about":[{"href":"https:\/\/www.dragaobranco.org.br\/site\/wp-json\/wp\/v2\/types\/page"}],"author":[{"embeddable":true,"href":"https:\/\/www.dragaobranco.org.br\/site\/wp-json\/wp\/v2\/users\/1"}],"replies":[{"embeddable":true,"href":"https:\/\/www.dragaobranco.org.br\/site\/wp-json\/wp\/v2\/comments?post=142"}],"version-history":[{"count":1,"href":"https:\/\/www.dragaobranco.org.br\/site\/wp-json\/wp\/v2\/pages\/142\/revisions"}],"predecessor-version":[{"id":760,"href":"https:\/\/www.dragaobranco.org.br\/site\/wp-json\/wp\/v2\/pages\/142\/revisions\/760"}],"wp:attachment":[{"href":"https:\/\/www.dragaobranco.org.br\/site\/wp-json\/wp\/v2\/media?parent=142"}],"curies":[{"name":"wp","href":"https:\/\/api.w.org\/{rel}","templated":true}]}}