{"id":24,"date":"2015-04-25T13:05:19","date_gmt":"2015-04-25T13:05:19","guid":{"rendered":"http:\/\/www.dragaobranco.org.br\/site\/?page_id=24"},"modified":"2015-05-20T15:13:29","modified_gmt":"2015-05-20T15:13:29","slug":"parceiros","status":"publish","type":"page","link":"https:\/\/www.dragaobranco.org.br\/site\/parceiros\/","title":{"rendered":"Parceiros"},"content":{"rendered":"<p><a href=\"http:\/\/www.colina.sp.gov.br\/\">Prefeitura Municipal de Colina<\/a><\/p>\n<p><a href=\"http:\/\/www.colina.sp.gov.br\/index.php?xvar=mostra&#038;id_grupo=6&#038;id_subgrupo=7\">Secretaria Municipal de Esportes, Turismo e Lazer de Colina \u2013 SP<\/a><\/p>\n<p><a href=\"http:\/\/www.anlkf.com.br\/\">Associa\u00e7\u00e3o Nacional de Li Tchuo Pa Kung Fu<\/a><\/p>\n<p><a href=\"http:\/\/www.fwkfesp.com.br\/index.php\">Federa\u00e7\u00e3o de Wushu Kung Fu do Estado de S\u00e3o Paulo<\/a><\/p>\n<p>Colina Atl\u00e9tico Futsal<\/p>\n<p>Sindicato dos Servidores P\u00fablicos Municipal de Colina<\/p>\n<p><a href=\"http:\/\/www.colina.sp.gov.br\/index.php?xvar=mostra&#038;id_grupo=6&#038;id_subgrupo=1\">Secretaria Municipal de Educa\u00e7\u00e3o e Cultura de Colina \u2013 SP<\/a><\/p>\n<p><a href=\"http:\/\/www.wwin.com.br\/site\/\">Wetware Interativa Consultoria e Treinamento<\/a><\/p>\n<p><a href=\"http:\/\/www.barretosweb.com.br\/\">Barretos web<\/a><\/p>\n","protected":false},"excerpt":{"rendered":"<p>Prefeitura Municipal de Colina Secretaria Municipal de Esportes, Turismo e Lazer de Colina \u2013 SP Associa\u00e7\u00e3o Nacional de Li Tchuo Pa Kung Fu Federa\u00e7\u00e3o de [&hellip;]<\/p>\n","protected":false},"author":1,"featured_media":0,"parent":0,"menu_order":0,"comment_status":"closed","ping_status":"closed","template":"","meta":{"footnotes":""},"class_list":["post-24","page","type-page","status-publish","hentry"],"_links":{"self":[{"href":"https:\/\/www.dragaobranco.org.br\/site\/wp-json\/wp\/v2\/pages\/24","targetHints":{"allow":["GET"]}}],"collection":[{"href":"https:\/\/www.dragaobranco.org.br\/site\/wp-json\/wp\/v2\/pages"}],"about":[{"href":"https:\/\/www.dragaobranco.org.br\/site\/wp-json\/wp\/v2\/types\/page"}],"author":[{"embeddable":true,"href":"https:\/\/www.dragaobranco.org.br\/site\/wp-json\/wp\/v2\/users\/1"}],"replies":[{"embeddable":true,"href":"https:\/\/www.dragaobranco.org.br\/site\/wp-json\/wp\/v2\/comments?post=24"}],"version-history":[{"count":0,"href":"https:\/\/www.dragaobranco.org.br\/site\/wp-json\/wp\/v2\/pages\/24\/revisions"}],"wp:attachment":[{"href":"https:\/\/www.dragaobranco.org.br\/site\/wp-json\/wp\/v2\/media?parent=24"}],"curies":[{"name":"wp","href":"https:\/\/api.w.org\/{rel}","templated":true}]}}