{"id":26,"date":"2015-04-25T13:05:38","date_gmt":"2015-04-25T13:05:38","guid":{"rendered":"http:\/\/www.dragaobranco.org.br\/site\/?page_id=26"},"modified":"2020-10-17T23:57:41","modified_gmt":"2020-10-17T23:57:41","slug":"portal-do-aluno","status":"publish","type":"page","link":"https:\/\/www.dragaobranco.org.br\/site\/portal-do-aluno\/","title":{"rendered":"Portal do aluno"},"content":{"rendered":"\n<h1 class=\"wp-block-heading\"><strong>Introdu\u00e7\u00e3o ao treinamento \u00e0 dist\u00e2ncia.<\/strong><\/h1>\n\n\n\n<p>Segue o link abaixo para entendermos como funcionar\u00e1:&nbsp;&nbsp;<a href=\"https:\/\/www.youtube.com\/watch?v=VCt5iYoLPpM&amp;ab_channel=Associa%C3%A7%C3%A3oDrag%C3%A3oBrancodeArtesMarciais\">https:\/\/www.youtube.com\/watch?v=VCt5iYoLPpM&amp;ab_channel=Associa%C3%A7%C3%A3oDrag%C3%A3oBrancodeArtesMarciais<\/a><\/p>\n\n\n\n<p>Mais abaixo, voc\u00eas alunos encontrar\u00e3o um link de acesso para a primeira parte do nosso aquecimento: <a href=\"https:\/\/www.youtube.com\/watch?v=BnAyqQRsNB8&amp;ab_channel=Associa%C3%A7%C3%A3oDrag%C3%A3oBrancodeArtesMarciais\">https:\/\/www.youtube.com\/watch?v=BnAyqQRsNB8&amp;ab_channel=Associa%C3%A7%C3%A3oDrag%C3%A3oBrancodeArtesMarciais<br><\/a><\/p>\n\n\n\n<p>Nesse link est\u00e1 dispon\u00edvel a segunda parte do nosso aquecimento:&nbsp;<a href=\"https:\/\/www.youtube.com\/watch?v=KLBimMwC5Bw&amp;ab_channel=Associa%C3%A7%C3%A3oDrag%C3%A3oBrancodeArtesMarciais\">https:\/\/www.youtube.com\/watch?v=KLBimMwC5Bw&amp;ab_channel=Associa%C3%A7%C3%A3oDrag%C3%A3oBrancodeArtesMarciais<\/a><\/p>\n\n\n\n<p>Nesse link est\u00e1 dispon\u00edvel toda a mat\u00e9ria da categoria principiante:&nbsp;<a href=\"https:\/\/www.youtube.com\/watch?v=Oh7Ah8kugvk&amp;ab_channel=Associa%C3%A7%C3%A3oDrag%C3%A3oBrancodeArtesMarciais\">https:\/\/www.youtube.com\/watch?v=Oh7Ah8kugvk&amp;ab_channel=Associa%C3%A7%C3%A3oDrag%C3%A3oBrancodeArtesMarciais<\/a><\/p>\n","protected":false},"excerpt":{"rendered":"<p>Introdu\u00e7\u00e3o ao treinamento \u00e0 dist\u00e2ncia. Segue o link abaixo para entendermos como funcionar\u00e1:&nbsp;&nbsp;https:\/\/www.youtube.com\/watch?v=VCt5iYoLPpM&amp;ab_channel=Associa%C3%A7%C3%A3oDrag%C3%A3oBrancodeArtesMarciais Mais abaixo, voc\u00eas alunos encontrar\u00e3o um link de acesso para a primeira [&hellip;]<\/p>\n","protected":false},"author":1,"featured_media":0,"parent":0,"menu_order":0,"comment_status":"closed","ping_status":"closed","template":"","meta":{"footnotes":""},"class_list":["post-26","page","type-page","status-publish","hentry"],"_links":{"self":[{"href":"https:\/\/www.dragaobranco.org.br\/site\/wp-json\/wp\/v2\/pages\/26","targetHints":{"allow":["GET"]}}],"collection":[{"href":"https:\/\/www.dragaobranco.org.br\/site\/wp-json\/wp\/v2\/pages"}],"about":[{"href":"https:\/\/www.dragaobranco.org.br\/site\/wp-json\/wp\/v2\/types\/page"}],"author":[{"embeddable":true,"href":"https:\/\/www.dragaobranco.org.br\/site\/wp-json\/wp\/v2\/users\/1"}],"replies":[{"embeddable":true,"href":"https:\/\/www.dragaobranco.org.br\/site\/wp-json\/wp\/v2\/comments?post=26"}],"version-history":[{"count":0,"href":"https:\/\/www.dragaobranco.org.br\/site\/wp-json\/wp\/v2\/pages\/26\/revisions"}],"wp:attachment":[{"href":"https:\/\/www.dragaobranco.org.br\/site\/wp-json\/wp\/v2\/media?parent=26"}],"curies":[{"name":"wp","href":"https:\/\/api.w.org\/{rel}","templated":true}]}}