{"id":34,"date":"2015-04-25T14:12:40","date_gmt":"2015-04-25T14:12:40","guid":{"rendered":"http:\/\/www.dragaobranco.org.br\/site\/?page_id=34"},"modified":"2017-01-30T22:19:10","modified_gmt":"2017-01-30T22:19:10","slug":"lian-gong-tai-chi-chuan","status":"publish","type":"page","link":"https:\/\/www.dragaobranco.org.br\/site\/associacao\/lian-gong-tai-chi-chuan\/","title":{"rendered":"Lian Gong \/ Tai Chi Chuan"},"content":{"rendered":"<p>LIAN GONG<\/p>\n<p style=\"text-align: center;\"><img fetchpriority=\"high\" decoding=\"async\" class=\"alignnone size-full wp-image-218\" src=\"https:\/\/www.dragaobranco.org.br\/site\/wp-content\/uploads\/2015\/04\/t1.jpg\" alt=\"t1\" width=\"350\" height=\"207\" srcset=\"https:\/\/www.dragaobranco.org.br\/site\/wp-content\/uploads\/2015\/04\/t1.jpg 350w, https:\/\/www.dragaobranco.org.br\/site\/wp-content\/uploads\/2015\/04\/t1-300x177.jpg 300w\" sizes=\"(max-width: 350px) 100vw, 350px\" \/><\/p>\n<p align=\"JUSTIFY\">\u00c9 uma ginastica terap\u00eautica que tem por principal fun\u00e7\u00e3o prevenir e tratar as dores no corpo, bem como restaurar sua movimenta\u00e7\u00e3o natural. Essa pratica corporal foi desenvolvida na d\u00e9cada de 70 pelo Dr. Zhuang Yuan Ming, medico ortopedista da Medicina Tradicional Chinesa em Shangai na China.<\/p>\n<p>&nbsp;<\/p>\n<p align=\"JUSTIFY\">S\u00e3o exerc\u00edcios preventivos e curativos, cuja pratica p\u00f5e em movimento o \u201cChi\u201d (energia vital) em especial ao \u201cZhen Chi\u201d ou \u201cChi Verdadeiro\u201d no organismo, termos encontrados nos fundamentos da MTC medicina tradicional chinesa, que diz o seguinte: \u201cQuando o Zhen Chi esta pleno no interior do corpo humano, os fatores negativos n\u00e3o podem invadir\u201d. Ajuda na circula\u00e7\u00e3o do sangue, dissolve ader\u00eancias e inflama\u00e7\u00f5es dos tend\u00f5es.<br \/>\nRestaura a movimenta\u00e7\u00e3o natural, melhorando a resist\u00eancia e a vitalidade do organismo.<\/p>\n<p>&nbsp;<\/p>\n<p align=\"JUSTIFY\">O sistema completo do Lian Gong em 18 Terapias \u00e9 composto de 3 partes: Primeira &#8211; Parte Anterior &#8211; Lian Gong Qian Shi Ba Fa<\/p>\n<p align=\"JUSTIFY\">18 exerc\u00edcios para prevenir e tratar de dores no corpo, divididos em 3 s\u00e9ries:<\/p>\n<p>&nbsp;<\/p>\n<p>\u2022S\u00e9rie 1: 6 exerc\u00edcios para pesco\u00e7o e ombros;<\/p>\n<p>&nbsp;<\/p>\n<p>\u2022S\u00e9rie 2: 6 exerc\u00edcios para costas e regi\u00e3o lombar;<\/p>\n<p>&nbsp;<\/p>\n<p>\u2022S\u00e9rie 3: 6 exerc\u00edcios para gl\u00fateos e pernas;<\/p>\n<p>&nbsp;<\/p>\n<p align=\"JUSTIFY\">Segunda &#8211; Parte Posterior &#8211; Lian Gong Hou Shi Ba Fa. 18 exerc\u00edcios para prevenir e tratar de dores nas articula\u00e7\u00f5es, tenossinovites e disfun\u00e7\u00f5es dos \u00f3rg\u00e3os internos, divididos em 3 s\u00e9ries:<\/p>\n<p>&nbsp;<\/p>\n<p>\u2022 S\u00e9rie 4: 6 exerc\u00edcios para articula\u00e7\u00f5es;<\/p>\n<p>&nbsp;<\/p>\n<p>\u2022 S\u00e9rie 5: 6 exerc\u00edcios para tend\u00f5es;<\/p>\n<p>&nbsp;<\/p>\n<p>\u2022 S\u00e9rie 6: 6 exerc\u00edcios para \u00f3rg\u00e3os internos;<\/p>\n<p>&nbsp;<\/p>\n<p align=\"JUSTIFY\">Terceira &#8211; Lian Gong Shi Ba Fa Xu Ji. Este conjunto de 18 exerc\u00edcios recebeu do Dr. Zhuang o nome de &#8220;I Qi Gong (cultivo e beneficiamento do Qi) &#8211; continua\u00e7\u00e3o do Lian Gong em 18 Terapias&#8221; e serve para preven\u00e7\u00e3o e tratamento da bronquite cr\u00f4nica e da debilidade funcional do cora\u00e7\u00e3o e dos pulm\u00f5es, bem como outras doen\u00e7as cr\u00f4nicas das vias respirat\u00f3rias.<\/p>\n<p>&nbsp;<\/p>\n<p>Fonte: Lian Gong Brasil \u2013 Dispon\u00edvel em: http:\/\/www.liangongbrasil.com.br\/oque_e.htm<\/p>\n<p>&nbsp;<\/p>\n<p>TAI CHI CHUAN<\/p>\n<p style=\"text-align: center;\"><img decoding=\"async\" class=\"alignnone size-full wp-image-219\" src=\"https:\/\/www.dragaobranco.org.br\/site\/wp-content\/uploads\/2015\/04\/t2.jpg\" alt=\"t2\" width=\"350\" height=\"200\" srcset=\"https:\/\/www.dragaobranco.org.br\/site\/wp-content\/uploads\/2015\/04\/t2.jpg 350w, https:\/\/www.dragaobranco.org.br\/site\/wp-content\/uploads\/2015\/04\/t2-300x171.jpg 300w\" sizes=\"(max-width: 350px) 100vw, 350px\" \/><\/p>\n<p align=\"JUSTIFY\">Arte Marcial Chinesa Milenar que na atualidade, tem servido a todos como Sistema Integral de Sa\u00fade. Seu m\u00e9todo de ensino se adapta e respeita a cada um de seus praticantes, sendo considerada uma atividade f\u00edsica de baixo impacto. Pode ser praticada por pessoas de todas as idades sem restri\u00e7\u00f5es!<\/p>\n<p>&nbsp;<\/p>\n<p align=\"JUSTIFY\">Os benef\u00edcios da pr\u00e1tica do Tai Chi Chuan s\u00e3o in\u00fameros, fortalece o Sistema Esquel\u00e9tico, Muscular, ativa o Sistema Circulat\u00f3rio, End\u00f3crino, colabora na produ\u00e7\u00e3o de endorfinas acalmando e dando alegria a seus praticantes!<\/p>\n<p>&nbsp;<\/p>\n<p align=\"JUSTIFY\">O Tai Chi Chuan quando bem ensinado, abrange tamb\u00e9m um processo de desenvolvimento dos melhores potenciais de cada um de n\u00f3s. Incentiva a calma mental, o equil\u00edbrio emocional e o bom relacionamento entre as pessoas.<\/p>\n<p>&nbsp;<\/p>\n<p>Fonte: Sociedade Brasileira de Tai Chi Chuan \u2013 Dispon\u00edvel em: http:\/\/www.sbtcc.org.br\/tai-chi-chuan.<\/p>\n","protected":false},"excerpt":{"rendered":"<p>LIAN GONG \u00c9 uma ginastica terap\u00eautica que tem por principal fun\u00e7\u00e3o prevenir e tratar as dores no corpo, bem como restaurar sua movimenta\u00e7\u00e3o natural. Essa [&hellip;]<\/p>\n","protected":false},"author":1,"featured_media":197,"parent":30,"menu_order":0,"comment_status":"closed","ping_status":"closed","template":"","meta":{"footnotes":""},"class_list":["post-34","page","type-page","status-publish","has-post-thumbnail","hentry"],"_links":{"self":[{"href":"https:\/\/www.dragaobranco.org.br\/site\/wp-json\/wp\/v2\/pages\/34","targetHints":{"allow":["GET"]}}],"collection":[{"href":"https:\/\/www.dragaobranco.org.br\/site\/wp-json\/wp\/v2\/pages"}],"about":[{"href":"https:\/\/www.dragaobranco.org.br\/site\/wp-json\/wp\/v2\/types\/page"}],"author":[{"embeddable":true,"href":"https:\/\/www.dragaobranco.org.br\/site\/wp-json\/wp\/v2\/users\/1"}],"replies":[{"embeddable":true,"href":"https:\/\/www.dragaobranco.org.br\/site\/wp-json\/wp\/v2\/comments?post=34"}],"version-history":[{"count":0,"href":"https:\/\/www.dragaobranco.org.br\/site\/wp-json\/wp\/v2\/pages\/34\/revisions"}],"up":[{"embeddable":true,"href":"https:\/\/www.dragaobranco.org.br\/site\/wp-json\/wp\/v2\/pages\/30"}],"wp:featuredmedia":[{"embeddable":true,"href":"https:\/\/www.dragaobranco.org.br\/site\/wp-json\/wp\/v2\/media\/197"}],"wp:attachment":[{"href":"https:\/\/www.dragaobranco.org.br\/site\/wp-json\/wp\/v2\/media?parent=34"}],"curies":[{"name":"wp","href":"https:\/\/api.w.org\/{rel}","templated":true}]}}