{"id":4,"date":"2015-04-25T13:01:54","date_gmt":"2015-04-25T13:01:54","guid":{"rendered":"http:\/\/www.dragaobranco.org.br\/site\/?page_id=4"},"modified":"2025-09-12T13:37:37","modified_gmt":"2025-09-12T13:37:37","slug":"historia","status":"publish","type":"page","link":"https:\/\/www.dragaobranco.org.br\/site\/associacao\/historia\/","title":{"rendered":"Hist\u00f3ria"},"content":{"rendered":"\t\t<div data-elementor-type=\"wp-page\" data-elementor-id=\"4\" class=\"elementor elementor-4\">\n\t\t\t\t<div class=\"elementor-element elementor-element-efee18b e-flex e-con-boxed e-con e-parent\" data-id=\"efee18b\" data-element_type=\"container\" data-e-type=\"container\">\n\t\t\t\t\t<div class=\"e-con-inner\">\n\t\t\t\t<div class=\"elementor-element elementor-element-de4a7ee elementor-widget elementor-widget-heading\" data-id=\"de4a7ee\" data-element_type=\"widget\" data-e-type=\"widget\" data-widget_type=\"heading.default\">\n\t\t\t\t<div class=\"elementor-widget-container\">\n\t\t\t\t\t<h2 class=\"elementor-heading-title elementor-size-default\">Nossa Hist\u00f3ria<\/h2>\t\t\t\t<\/div>\n\t\t\t\t<\/div>\n\t\t\t\t\t<\/div>\n\t\t\t\t<\/div>\n\t\t<div class=\"elementor-element elementor-element-ba13d68 e-flex e-con-boxed e-con e-parent\" data-id=\"ba13d68\" data-element_type=\"container\" data-e-type=\"container\">\n\t\t\t\t\t<div class=\"e-con-inner\">\n\t\t<div class=\"elementor-element elementor-element-0b54474 e-con-full e-flex e-con e-child\" data-id=\"0b54474\" data-element_type=\"container\" data-e-type=\"container\">\n\t\t\t\t<div class=\"elementor-element elementor-element-49f3833 elementor-widget__width-initial elementor-widget elementor-widget-text-editor\" data-id=\"49f3833\" data-element_type=\"widget\" data-e-type=\"widget\" data-widget_type=\"text-editor.default\">\n\t\t\t\t<div class=\"elementor-widget-container\">\n\t\t\t\t\t\t\t\t\t<p>A Associa\u00e7\u00e3o Drag\u00e3o Branco foi fundada em 19 de mar\u00e7o de 2008, inicialmente sob a denomina\u00e7\u00e3o de Associa\u00e7\u00e3o Drag\u00e3o Branco de Li Tchuo Pa Kung Fu. Com o passar dos anos, a institui\u00e7\u00e3o ampliou suas atividades e, em 2015, adotou a nova nomenclatura Associa\u00e7\u00e3o Drag\u00e3o Branco de Artes Marciais.<\/p><p>Em 2013, deu in\u00edcio \u00e0 pr\u00e1tica e ao desenvolvimento da Dan\u00e7a do Le\u00e3o Chin\u00eas, bem como \u00e0 promo\u00e7\u00e3o de eventos culturais destinados \u00e0 capta\u00e7\u00e3o de recursos para a manuten\u00e7\u00e3o de suas atividades. Em raz\u00e3o dessa expans\u00e3o de objetivos e \u00e1reas de atua\u00e7\u00e3o, em 2018 procedeu-se \u00e0 altera\u00e7\u00e3o de seu Estatuto Social, passando a entidade a constituir-se formalmente como uma associa\u00e7\u00e3o civil, filantr\u00f3pica, sem fins econ\u00f4micos, apartid\u00e1ria, de car\u00e1ter desportivo, cultural, educacional, beneficente, ambiental, cient\u00edfico e de assist\u00eancia social.<\/p>\t\t\t\t\t\t\t\t<\/div>\n\t\t\t\t<\/div>\n\t\t\t\t<\/div>\n\t\t<div class=\"elementor-element elementor-element-fe92909 e-con-full e-flex e-con e-child\" data-id=\"fe92909\" data-element_type=\"container\" data-e-type=\"container\">\n\t\t\t\t<div class=\"elementor-element elementor-element-69fbf4d elementor-widget__width-initial elementor-widget elementor-widget-image\" data-id=\"69fbf4d\" data-element_type=\"widget\" data-e-type=\"widget\" data-widget_type=\"image.default\">\n\t\t\t\t<div class=\"elementor-widget-container\">\n\t\t\t\t\t\t\t\t\t\t\t\t\t\t\t<img decoding=\"async\" width=\"263\" height=\"176\" src=\"https:\/\/www.dragaobranco.org.br\/site\/wp-content\/uploads\/2025\/03\/Imagem4.jpg\" class=\"attachment-large size-large wp-image-1146\" alt=\"\" \/>\t\t\t\t\t\t\t\t\t\t\t\t\t\t\t<\/div>\n\t\t\t\t<\/div>\n\t\t\t\t<\/div>\n\t\t\t\t\t<\/div>\n\t\t\t\t<\/div>\n\t\t<div class=\"elementor-element elementor-element-c0ad79a e-con-full e-flex e-con e-parent\" data-id=\"c0ad79a\" data-element_type=\"container\" data-e-type=\"container\">\n\t\t\t\t<div class=\"elementor-element elementor-element-76ada51 elementor-widget__width-initial elementor-widget elementor-widget-text-editor\" data-id=\"76ada51\" data-element_type=\"widget\" data-e-type=\"widget\" data-widget_type=\"text-editor.default\">\n\t\t\t\t<div class=\"elementor-widget-container\">\n\t\t\t\t\t\t\t\t\t<p>SEUS PRINCIPAIS OBJETIVOS S\u00c3O:<br \/>a) Proporcionar o ensino e a pr\u00e1tica das Artes Marciais de origens nacionais ou estrangeiras;<br \/>b) Promover a arte e a cultura, atrav\u00e9s de a\u00e7\u00f5es que visem o pleno exerc\u00edcio da cidadania cultural para o desenvolvimento da qualidade de vida da popula\u00e7\u00e3o;<br \/>c) Organizar e promover campeonatos, torneios e competi\u00e7\u00f5es diversos de artes marciais, eventos, exposi\u00e7\u00f5es, festivais, mostras, espet\u00e1culos, oficinas e concursos art\u00edstico-culturais sempre sob a supervis\u00e3o das entidades superiores, quando legalmente organizadas;<br \/>&#8230;<br \/>f) Produzir, difundir e desenvolver programas e projetos esportivos, culturais, art\u00edsticos, educativos, ambientais e cient\u00edficos, palestras, congressos, semin\u00e1rios, simp\u00f3sios, confer\u00eancias, pesquisas, feiras, mostras, exposi\u00e7\u00f5es, f\u00f3runs, oficinas, cursos, capacita\u00e7\u00e3o e treinamento, envolvendo a presta\u00e7\u00e3o direta ou terceirizada de servi\u00e7os dirigidos ao p\u00fablico em geral, a outras organiza\u00e7\u00f5es sem fins lucrativos e a \u00f3rg\u00e3os do setor p\u00fablico nacional e internacional que atuam em \u00e1reas afins;<br \/>&#8230;<br \/>h) Promover interc\u00e2mbios e est\u00e1gios com entidades p\u00fablicas e privadas, nacionais e internacionais, com ou sem fins lucrativos, entre os diversos segmentos de artes marciais, artes c\u00eanicas, literatura, cinema, artes visuais, m\u00fasica, novas m\u00eddias etc;<br \/>i) Promover a\u00e7\u00f5es beneficentes e filantr\u00f3picas no atendimento de seus assistidos e destinat\u00e1rios, na promo\u00e7\u00e3o da coletividade, do bem comum, no interesse social, com a concess\u00e3o de gratuidades na presta\u00e7\u00e3o de seus servi\u00e7os e na utiliza\u00e7\u00e3o de seus bens m\u00f3veis e im\u00f3veis;<\/p>\t\t\t\t\t\t\t\t<\/div>\n\t\t\t\t<\/div>\n\t\t\t\t<\/div>\n\t\t<div class=\"elementor-element elementor-element-de8d01b e-flex e-con-boxed e-con e-parent\" data-id=\"de8d01b\" data-element_type=\"container\" data-e-type=\"container\">\n\t\t\t\t\t<div class=\"e-con-inner\">\n\t\t<div class=\"elementor-element elementor-element-be5f5ce e-con-full e-flex e-con e-child\" data-id=\"be5f5ce\" data-element_type=\"container\" data-e-type=\"container\">\n\t\t\t\t<div class=\"elementor-element elementor-element-ca555cb elementor-widget elementor-widget-image\" data-id=\"ca555cb\" data-element_type=\"widget\" data-e-type=\"widget\" data-widget_type=\"image.default\">\n\t\t\t\t<div class=\"elementor-widget-container\">\n\t\t\t\t\t\t\t\t\t\t\t\t\t\t\t<img fetchpriority=\"high\" decoding=\"async\" width=\"640\" height=\"801\" src=\"https:\/\/www.dragaobranco.org.br\/site\/wp-content\/uploads\/2025\/03\/Imagem2-1-818x1024.jpg\" class=\"attachment-large size-large wp-image-1139\" alt=\"\" srcset=\"https:\/\/www.dragaobranco.org.br\/site\/wp-content\/uploads\/2025\/03\/Imagem2-1-818x1024.jpg 818w, https:\/\/www.dragaobranco.org.br\/site\/wp-content\/uploads\/2025\/03\/Imagem2-1-240x300.jpg 240w, https:\/\/www.dragaobranco.org.br\/site\/wp-content\/uploads\/2025\/03\/Imagem2-1-768x961.jpg 768w, https:\/\/www.dragaobranco.org.br\/site\/wp-content\/uploads\/2025\/03\/Imagem2-1.jpg 1023w\" sizes=\"(max-width: 640px) 100vw, 640px\" \/>\t\t\t\t\t\t\t\t\t\t\t\t\t\t\t<\/div>\n\t\t\t\t<\/div>\n\t\t\t\t<\/div>\n\t\t<div class=\"elementor-element elementor-element-cae92b5 e-con-full e-flex e-con e-child\" data-id=\"cae92b5\" data-element_type=\"container\" data-e-type=\"container\">\n\t\t\t\t<div class=\"elementor-element elementor-element-b46dfcc elementor-widget elementor-widget-image\" data-id=\"b46dfcc\" data-element_type=\"widget\" data-e-type=\"widget\" data-widget_type=\"image.default\">\n\t\t\t\t<div class=\"elementor-widget-container\">\n\t\t\t\t\t\t\t\t\t\t\t\t\t\t\t<img decoding=\"async\" width=\"640\" height=\"801\" src=\"https:\/\/www.dragaobranco.org.br\/site\/wp-content\/uploads\/2025\/03\/Imagem3-1-818x1024.jpg\" class=\"attachment-large size-large wp-image-1140\" alt=\"\" srcset=\"https:\/\/www.dragaobranco.org.br\/site\/wp-content\/uploads\/2025\/03\/Imagem3-1-818x1024.jpg 818w, https:\/\/www.dragaobranco.org.br\/site\/wp-content\/uploads\/2025\/03\/Imagem3-1-240x300.jpg 240w, https:\/\/www.dragaobranco.org.br\/site\/wp-content\/uploads\/2025\/03\/Imagem3-1-768x961.jpg 768w, https:\/\/www.dragaobranco.org.br\/site\/wp-content\/uploads\/2025\/03\/Imagem3-1.jpg 1023w\" sizes=\"(max-width: 640px) 100vw, 640px\" \/>\t\t\t\t\t\t\t\t\t\t\t\t\t\t\t<\/div>\n\t\t\t\t<\/div>\n\t\t\t\t<\/div>\n\t\t<div class=\"elementor-element elementor-element-72c89a0 e-con-full e-flex e-con e-child\" data-id=\"72c89a0\" data-element_type=\"container\" data-e-type=\"container\">\n\t\t\t\t<div class=\"elementor-element elementor-element-0fce7e9 elementor-widget elementor-widget-image\" data-id=\"0fce7e9\" data-element_type=\"widget\" data-e-type=\"widget\" data-widget_type=\"image.default\">\n\t\t\t\t<div class=\"elementor-widget-container\">\n\t\t\t\t\t\t\t\t\t\t\t\t\t\t\t<img loading=\"lazy\" decoding=\"async\" width=\"263\" height=\"185\" src=\"https:\/\/www.dragaobranco.org.br\/site\/wp-content\/uploads\/2025\/03\/Imagem1.jpg\" class=\"attachment-large size-large wp-image-1142\" alt=\"\" \/>\t\t\t\t\t\t\t\t\t\t\t\t\t\t\t<\/div>\n\t\t\t\t<\/div>\n\t\t\t\t<\/div>\n\t\t\t\t\t<\/div>\n\t\t\t\t<\/div>\n\t\t\t\t<\/div>\n\t\t","protected":false},"excerpt":{"rendered":"<p>Nossa Hist\u00f3ria A Associa\u00e7\u00e3o Drag\u00e3o Branco foi fundada em 19 de mar\u00e7o de 2008, inicialmente sob a denomina\u00e7\u00e3o de Associa\u00e7\u00e3o Drag\u00e3o Branco de Li Tchuo [&hellip;]<\/p>\n","protected":false},"author":1,"featured_media":630,"parent":30,"menu_order":0,"comment_status":"closed","ping_status":"closed","template":"","meta":{"footnotes":""},"class_list":["post-4","page","type-page","status-publish","has-post-thumbnail","hentry"],"_links":{"self":[{"href":"https:\/\/www.dragaobranco.org.br\/site\/wp-json\/wp\/v2\/pages\/4","targetHints":{"allow":["GET"]}}],"collection":[{"href":"https:\/\/www.dragaobranco.org.br\/site\/wp-json\/wp\/v2\/pages"}],"about":[{"href":"https:\/\/www.dragaobranco.org.br\/site\/wp-json\/wp\/v2\/types\/page"}],"author":[{"embeddable":true,"href":"https:\/\/www.dragaobranco.org.br\/site\/wp-json\/wp\/v2\/users\/1"}],"replies":[{"embeddable":true,"href":"https:\/\/www.dragaobranco.org.br\/site\/wp-json\/wp\/v2\/comments?post=4"}],"version-history":[{"count":9,"href":"https:\/\/www.dragaobranco.org.br\/site\/wp-json\/wp\/v2\/pages\/4\/revisions"}],"predecessor-version":[{"id":1290,"href":"https:\/\/www.dragaobranco.org.br\/site\/wp-json\/wp\/v2\/pages\/4\/revisions\/1290"}],"up":[{"embeddable":true,"href":"https:\/\/www.dragaobranco.org.br\/site\/wp-json\/wp\/v2\/pages\/30"}],"wp:featuredmedia":[{"embeddable":true,"href":"https:\/\/www.dragaobranco.org.br\/site\/wp-json\/wp\/v2\/media\/630"}],"wp:attachment":[{"href":"https:\/\/www.dragaobranco.org.br\/site\/wp-json\/wp\/v2\/media?parent=4"}],"curies":[{"name":"wp","href":"https:\/\/api.w.org\/{rel}","templated":true}]}}