{"id":6,"date":"2015-04-25T13:02:11","date_gmt":"2015-04-25T13:02:11","guid":{"rendered":"http:\/\/www.dragaobranco.org.br\/site\/?page_id=6"},"modified":"2025-03-09T01:03:55","modified_gmt":"2025-03-09T01:03:55","slug":"li-tchuo-pa","status":"publish","type":"page","link":"https:\/\/www.dragaobranco.org.br\/site\/associacao\/li-tchuo-pa\/","title":{"rendered":"Li Tchuo Pa"},"content":{"rendered":"\t\t<div data-elementor-type=\"wp-page\" data-elementor-id=\"6\" class=\"elementor elementor-6\">\n\t\t\t\t<div class=\"elementor-element elementor-element-6a39a8e e-flex e-con-boxed e-con e-parent\" data-id=\"6a39a8e\" data-element_type=\"container\" data-e-type=\"container\">\n\t\t\t\t\t<div class=\"e-con-inner\">\n\t\t\t\t<div class=\"elementor-element elementor-element-d478478 elementor-widget elementor-widget-heading\" data-id=\"d478478\" data-element_type=\"widget\" data-e-type=\"widget\" data-widget_type=\"heading.default\">\n\t\t\t\t<div class=\"elementor-widget-container\">\n\t\t\t\t\t<h2 class=\"elementor-heading-title elementor-size-default\">LI TCHUO PA KUNG FU<\/h2>\t\t\t\t<\/div>\n\t\t\t\t<\/div>\n\t\t\t\t\t<\/div>\n\t\t\t\t<\/div>\n\t\t<div class=\"elementor-element elementor-element-0392bd4 e-flex e-con-boxed e-con e-parent\" data-id=\"0392bd4\" data-element_type=\"container\" data-e-type=\"container\">\n\t\t\t\t\t<div class=\"e-con-inner\">\n\t\t<div class=\"elementor-element elementor-element-3d3a8ba e-con-full e-flex e-con e-child\" data-id=\"3d3a8ba\" data-element_type=\"container\" data-e-type=\"container\">\n\t\t\t\t<div class=\"elementor-element elementor-element-60471a6 elementor-widget elementor-widget-image\" data-id=\"60471a6\" data-element_type=\"widget\" data-e-type=\"widget\" data-widget_type=\"image.default\">\n\t\t\t\t<div class=\"elementor-widget-container\">\n\t\t\t\t\t\t\t\t\t\t\t\t\t\t\t<img fetchpriority=\"high\" decoding=\"async\" width=\"300\" height=\"300\" src=\"https:\/\/www.dragaobranco.org.br\/site\/wp-content\/uploads\/2025\/03\/AssNac.png\" class=\"attachment-large size-large wp-image-1073\" alt=\"\" srcset=\"https:\/\/www.dragaobranco.org.br\/site\/wp-content\/uploads\/2025\/03\/AssNac.png 300w, https:\/\/www.dragaobranco.org.br\/site\/wp-content\/uploads\/2025\/03\/AssNac-150x150.png 150w\" sizes=\"(max-width: 300px) 100vw, 300px\" \/>\t\t\t\t\t\t\t\t\t\t\t\t\t\t\t<\/div>\n\t\t\t\t<\/div>\n\t\t\t\t<\/div>\n\t\t<div class=\"elementor-element elementor-element-6082aab e-con-full e-flex e-con e-child\" data-id=\"6082aab\" data-element_type=\"container\" data-e-type=\"container\">\n\t\t\t\t<div class=\"elementor-element elementor-element-470f003 elementor-widget elementor-widget-text-editor\" data-id=\"470f003\" data-element_type=\"widget\" data-e-type=\"widget\" data-widget_type=\"text-editor.default\">\n\t\t\t\t<div class=\"elementor-widget-container\">\n\t\t\t\t\t\t\t\t\t<p>O <strong>Estilo Gola T\u00e9cnica Li Tchuo Pa Kung-Fu<\/strong> \u00e9 uma arte marcial que visa aprimorar seus praticantes tanto f\u00edsica quanto mentalmente, sendo mais do que uma simples t\u00e9cnica de defesa pessoal \u2013 trata-se de um modo de viver, baseado em disciplina, energia interior (<em>Qi Gong<\/em>) e desenvolvimento cont\u00ednuo.<\/p>\t\t\t\t\t\t\t\t<\/div>\n\t\t\t\t<\/div>\n\t\t\t\t<\/div>\n\t\t\t\t\t<\/div>\n\t\t\t\t<\/div>\n\t\t<div class=\"elementor-element elementor-element-10341f4 e-flex e-con-boxed e-con e-parent\" data-id=\"10341f4\" data-element_type=\"container\" data-e-type=\"container\">\n\t\t\t\t\t<div class=\"e-con-inner\">\n\t\t<div class=\"elementor-element elementor-element-817b2cd e-con-full e-flex e-con e-child\" data-id=\"817b2cd\" data-element_type=\"container\" data-e-type=\"container\">\n\t\t\t\t<div class=\"elementor-element elementor-element-ed68523 elementor-widget elementor-widget-text-editor\" data-id=\"ed68523\" data-element_type=\"widget\" data-e-type=\"widget\" data-widget_type=\"text-editor.default\">\n\t\t\t\t<div class=\"elementor-widget-container\">\n\t\t\t\t\t\t\t\t\t<p class=\"MsoNormal\">O estilo foi sistematizado pelo <b>Gr\u00e3o-Mestre Oswaldo Jos\u00e9 Gola<\/b>, praticante de artes marciais desde 1968. Ele iniciou no <b>Tsau Lau Fu<\/b>, um precursor do <b>Hung Gar<\/b>, com o Mestre <b>Huang Hu Piao<\/b>, de quem aprendeu diversas t\u00e9cnicas, incluindo <b>Cegonha Branca, Leopardo, F\u00eanix, Louva-a-Deus, Serpente e Gar\u00e7a<\/b>. Mais tarde, treinou com <b>Mestre Li Wing Kay<\/b>, tornando-se professor de <b>Garra de \u00c1guia<\/b> e seu 4\u00ba disc\u00edpulo.<\/p>\n<p class=\"MsoNormal\"><span style=\"text-align: var(--text-align);\">Em <\/span><b style=\"text-align: var(--text-align);\">1982<\/b><span style=\"text-align: var(--text-align);\">, Gola criou o <\/span><b style=\"text-align: var(--text-align);\">Estilo Pa Man Li<\/b><span style=\"text-align: var(--text-align);\">, posteriormente chamado de <\/span><b style=\"text-align: var(--text-align);\">Li Tchuo Pa Kung-Fu<\/b><span style=\"text-align: var(--text-align);\">, um sistema tradicional que combina <\/span><b style=\"text-align: var(--text-align);\">85% das t\u00e9cnicas do Tsau Lau Fu (Hung Gar) e 15% do Garra de \u00c1guia<\/b><span style=\"text-align: var(--text-align);\">.<\/span><\/p>\t\t\t\t\t\t\t\t<\/div>\n\t\t\t\t<\/div>\n\t\t\t\t<\/div>\n\t\t<div class=\"elementor-element elementor-element-29d3377 e-con-full e-flex e-con e-child\" data-id=\"29d3377\" data-element_type=\"container\" data-e-type=\"container\">\n\t\t\t\t<div class=\"elementor-element elementor-element-b1490d1 elementor-widget__width-initial elementor-widget elementor-widget-image\" data-id=\"b1490d1\" data-element_type=\"widget\" data-e-type=\"widget\" data-widget_type=\"image.default\">\n\t\t\t\t<div class=\"elementor-widget-container\">\n\t\t\t\t\t\t\t\t\t\t\t\t\t\t\t<img decoding=\"async\" width=\"350\" height=\"350\" src=\"https:\/\/www.dragaobranco.org.br\/site\/wp-content\/uploads\/2015\/04\/lp2.jpg\" class=\"attachment-large size-large wp-image-229\" alt=\"\" srcset=\"https:\/\/www.dragaobranco.org.br\/site\/wp-content\/uploads\/2015\/04\/lp2.jpg 350w, https:\/\/www.dragaobranco.org.br\/site\/wp-content\/uploads\/2015\/04\/lp2-150x150.jpg 150w, https:\/\/www.dragaobranco.org.br\/site\/wp-content\/uploads\/2015\/04\/lp2-300x300.jpg 300w\" sizes=\"(max-width: 350px) 100vw, 350px\" \/>\t\t\t\t\t\t\t\t\t\t\t\t\t\t\t<\/div>\n\t\t\t\t<\/div>\n\t\t\t\t<\/div>\n\t\t\t\t\t<\/div>\n\t\t\t\t<\/div>\n\t\t<div class=\"elementor-element elementor-element-67dd7d0 e-flex e-con-boxed e-con e-parent\" data-id=\"67dd7d0\" data-element_type=\"container\" data-e-type=\"container\">\n\t\t\t\t\t<div class=\"e-con-inner\">\n\t\t<div class=\"elementor-element elementor-element-d7b3632 e-con-full e-flex e-con e-child\" data-id=\"d7b3632\" data-element_type=\"container\" data-e-type=\"container\">\n\t\t\t\t<div class=\"elementor-element elementor-element-4c3cf93 elementor-widget elementor-widget-image\" data-id=\"4c3cf93\" data-element_type=\"widget\" data-e-type=\"widget\" data-widget_type=\"image.default\">\n\t\t\t\t<div class=\"elementor-widget-container\">\n\t\t\t\t\t\t\t\t\t\t\t\t\t\t\t<img decoding=\"async\" width=\"500\" height=\"750\" src=\"https:\/\/www.dragaobranco.org.br\/site\/wp-content\/uploads\/2025\/03\/GMGola-1.png\" class=\"attachment-large size-large wp-image-1079\" alt=\"\" srcset=\"https:\/\/www.dragaobranco.org.br\/site\/wp-content\/uploads\/2025\/03\/GMGola-1.png 500w, https:\/\/www.dragaobranco.org.br\/site\/wp-content\/uploads\/2025\/03\/GMGola-1-200x300.png 200w\" sizes=\"(max-width: 500px) 100vw, 500px\" \/>\t\t\t\t\t\t\t\t\t\t\t\t\t\t\t<\/div>\n\t\t\t\t<\/div>\n\t\t\t\t<\/div>\n\t\t<div class=\"elementor-element elementor-element-060e716 e-con-full e-flex e-con e-child\" data-id=\"060e716\" data-element_type=\"container\" data-e-type=\"container\">\n\t\t\t\t<div class=\"elementor-element elementor-element-93de0b1 elementor-widget elementor-widget-text-editor\" data-id=\"93de0b1\" data-element_type=\"widget\" data-e-type=\"widget\" data-widget_type=\"text-editor.default\">\n\t\t\t\t<div class=\"elementor-widget-container\">\n\t\t\t\t\t\t\t\t\t<p class=\"MsoNormal\">O estilo foi reconhecido como <b>Arte Marcial Brasileira em 1984<\/b> pela Federa\u00e7\u00e3o Paulista de Kung-Fu. Em <b>1988<\/b>, atrav\u00e9s da Resolu\u00e7\u00e3o 21 do Conselho Nacional de Desporto (CND), o <b>Kung Fu foi regulamentado como pr\u00e1tica esportiva no Brasil<\/b>, retirando a arte da marginalidade.<\/p><p>\u00a0<\/p><p class=\"MsoNormal\">Gola foi Delegado Geral da Federa\u00e7\u00e3o Paulista de Kung Fu e, desde <b>1990<\/b>, Vice-Presidente da <b>Federa\u00e7\u00e3o Sul-Americana de Kung Fu Wushu<\/b>. Em <b>1995<\/b>, o <b>Li Tchu\u00f3 Pa Kung-Fu<\/b> foi reconhecido pela <b>Federa\u00e7\u00e3o Americana de Wushu<\/b> como a maior organiza\u00e7\u00e3o de arte marcial chinesa das Am\u00e9ricas, com <b>92 escolas e mais de 6000 alunos no Brasil<\/b>.<\/p>\t\t\t\t\t\t\t\t<\/div>\n\t\t\t\t<\/div>\n\t\t\t\t<\/div>\n\t\t\t\t\t<\/div>\n\t\t\t\t<\/div>\n\t\t<div class=\"elementor-element elementor-element-d17df43 e-con-full e-flex e-con e-parent\" data-id=\"d17df43\" data-element_type=\"container\" data-e-type=\"container\">\n\t\t\t\t<div class=\"elementor-element elementor-element-dc508fd elementor-widget elementor-widget-heading\" data-id=\"dc508fd\" data-element_type=\"widget\" data-e-type=\"widget\" data-widget_type=\"heading.default\">\n\t\t\t\t<div class=\"elementor-widget-container\">\n\t\t\t\t\t<h2 class=\"elementor-heading-title elementor-size-default\">Gr\u00e3 Mestra Tatiane Gola<\/h2>\t\t\t\t<\/div>\n\t\t\t\t<\/div>\n\t\t\t\t<\/div>\n\t\t<div class=\"elementor-element elementor-element-e00d176 e-flex e-con-boxed e-con e-parent\" data-id=\"e00d176\" data-element_type=\"container\" data-e-type=\"container\">\n\t\t\t\t\t<div class=\"e-con-inner\">\n\t\t<div class=\"elementor-element elementor-element-f6672a2 e-con-full e-flex e-con e-child\" data-id=\"f6672a2\" data-element_type=\"container\" data-e-type=\"container\">\n\t\t\t\t<div class=\"elementor-element elementor-element-0de401c elementor-widget__width-initial elementor-widget elementor-widget-image\" data-id=\"0de401c\" data-element_type=\"widget\" data-e-type=\"widget\" data-widget_type=\"image.default\">\n\t\t\t\t<div class=\"elementor-widget-container\">\n\t\t\t\t\t\t\t\t\t\t\t\t\t\t\t<img loading=\"lazy\" decoding=\"async\" width=\"433\" height=\"577\" src=\"https:\/\/www.dragaobranco.org.br\/site\/wp-content\/uploads\/2025\/03\/GrMestraTatiane1-768x1024-removebg-preview.png\" class=\"attachment-large size-large wp-image-1098\" alt=\"\" srcset=\"https:\/\/www.dragaobranco.org.br\/site\/wp-content\/uploads\/2025\/03\/GrMestraTatiane1-768x1024-removebg-preview.png 433w, https:\/\/www.dragaobranco.org.br\/site\/wp-content\/uploads\/2025\/03\/GrMestraTatiane1-768x1024-removebg-preview-225x300.png 225w\" sizes=\"(max-width: 433px) 100vw, 433px\" \/>\t\t\t\t\t\t\t\t\t\t\t\t\t\t\t<\/div>\n\t\t\t\t<\/div>\n\t\t\t\t<\/div>\n\t\t<div class=\"elementor-element elementor-element-fc9c71d e-con-full e-flex e-con e-child\" data-id=\"fc9c71d\" data-element_type=\"container\" data-e-type=\"container\">\n\t\t\t\t<div class=\"elementor-element elementor-element-4516957 elementor-widget elementor-widget-text-editor\" data-id=\"4516957\" data-element_type=\"widget\" data-e-type=\"widget\" data-widget_type=\"text-editor.default\">\n\t\t\t\t<div class=\"elementor-widget-container\">\n\t\t\t\t\t\t\t\t\t<p class=\"MsoNormal\">Iniciou os treinamentos na modalidade em <strong>1984, aos 6 anos.<\/strong><\/p><p class=\"MsoNormal\">Desde ent\u00e3o participa de eventos, campeonatos, f\u00f3runs, semin\u00e1rios e d\u00edgitos, especializando a cada dia para a melhoria t\u00e9cnica e filos\u00f3fica.<\/p><p class=\"MsoNormal\">\u00c9 formatada em T\u00e9cnica em Desenvolvimento e Lazer Social (Artes Marciais), Formada em EMC, (Educa\u00e7\u00e3o Marcial para Crian\u00e7as), T\u00e9cnica em Enfermagem, Acupunturista, Quiropraxista, Terapeuta em Terapias Integrativas Complementares e Pedagoga.<\/p><p class=\"MsoNormal\">A frente da administra\u00e7\u00e3o\u00a0da modalidade h\u00e1 <strong>17 anos.<\/strong> Em <strong>2021 <\/strong>com a passagem do Gr\u00e3o Mestre Supremo a outro plano, assumiu como sucessora no comando geral da modalidade.<\/p>\t\t\t\t\t\t\t\t<\/div>\n\t\t\t\t<\/div>\n\t\t\t\t<\/div>\n\t\t\t\t\t<\/div>\n\t\t\t\t<\/div>\n\t\t<div class=\"elementor-element elementor-element-5eeabc4 e-flex e-con-boxed e-con e-parent\" data-id=\"5eeabc4\" data-element_type=\"container\" data-e-type=\"container\">\n\t\t\t\t\t<div class=\"e-con-inner\">\n\t\t\t\t<div class=\"elementor-element elementor-element-3d9f496 elementor-widget elementor-widget-heading\" data-id=\"3d9f496\" data-element_type=\"widget\" data-e-type=\"widget\" data-widget_type=\"heading.default\">\n\t\t\t\t<div class=\"elementor-widget-container\">\n\t\t\t\t\t<h2 class=\"elementor-heading-title elementor-size-default\">Fonte: anlkf.com.br<\/h2>\t\t\t\t<\/div>\n\t\t\t\t<\/div>\n\t\t\t\t\t<\/div>\n\t\t\t\t<\/div>\n\t\t\t\t<\/div>\n\t\t","protected":false},"excerpt":{"rendered":"<p>LI TCHUO PA KUNG FU O Estilo Gola T\u00e9cnica Li Tchuo Pa Kung-Fu \u00e9 uma arte marcial que visa aprimorar seus praticantes tanto f\u00edsica quanto [&hellip;]<\/p>\n","protected":false},"author":1,"featured_media":198,"parent":30,"menu_order":0,"comment_status":"closed","ping_status":"closed","template":"","meta":{"footnotes":""},"class_list":["post-6","page","type-page","status-publish","has-post-thumbnail","hentry"],"_links":{"self":[{"href":"https:\/\/www.dragaobranco.org.br\/site\/wp-json\/wp\/v2\/pages\/6","targetHints":{"allow":["GET"]}}],"collection":[{"href":"https:\/\/www.dragaobranco.org.br\/site\/wp-json\/wp\/v2\/pages"}],"about":[{"href":"https:\/\/www.dragaobranco.org.br\/site\/wp-json\/wp\/v2\/types\/page"}],"author":[{"embeddable":true,"href":"https:\/\/www.dragaobranco.org.br\/site\/wp-json\/wp\/v2\/users\/1"}],"replies":[{"embeddable":true,"href":"https:\/\/www.dragaobranco.org.br\/site\/wp-json\/wp\/v2\/comments?post=6"}],"version-history":[{"count":25,"href":"https:\/\/www.dragaobranco.org.br\/site\/wp-json\/wp\/v2\/pages\/6\/revisions"}],"predecessor-version":[{"id":1224,"href":"https:\/\/www.dragaobranco.org.br\/site\/wp-json\/wp\/v2\/pages\/6\/revisions\/1224"}],"up":[{"embeddable":true,"href":"https:\/\/www.dragaobranco.org.br\/site\/wp-json\/wp\/v2\/pages\/30"}],"wp:featuredmedia":[{"embeddable":true,"href":"https:\/\/www.dragaobranco.org.br\/site\/wp-json\/wp\/v2\/media\/198"}],"wp:attachment":[{"href":"https:\/\/www.dragaobranco.org.br\/site\/wp-json\/wp\/v2\/media?parent=6"}],"curies":[{"name":"wp","href":"https:\/\/api.w.org\/{rel}","templated":true}]}}