{"id":8,"date":"2015-04-25T13:02:25","date_gmt":"2015-04-25T13:02:25","guid":{"rendered":"http:\/\/www.dragaobranco.org.br\/site\/?page_id=8"},"modified":"2022-11-08T13:40:57","modified_gmt":"2022-11-08T13:40:57","slug":"diretoria","status":"publish","type":"page","link":"https:\/\/www.dragaobranco.org.br\/site\/associacao\/diretoria\/","title":{"rendered":"Diretoria"},"content":{"rendered":"<p style=\"text-align: center;\"><strong>MEMBROS DA DIRETORIA DA ASSOCIA\u00c7\u00c3O DRAG\u00c3O BRANCO<\/strong><br \/>\n<strong>DE ARTES MARCIAIS \u2013 GEST\u00c3O 2022\/2026<\/strong><\/p>\n<p><strong>PRESIDENTE:<\/strong> Jo\u00e3o Batista Chical\u00e9 Jr.<br \/>\n<strong>VICE &#8211; PRESIDENTE:<\/strong> Gustavo Henrique de Souza Junqueira<br \/>\n<strong>SECRET\u00c1RIO:<\/strong> Ryquelme Henrique dos Santos<br \/>\n<strong>TESOUREIRO:<\/strong> Bruno Vieira da Silva Bonfim<br \/>\n<strong>DIRETOR DE ESPORTES:<\/strong> Anderson Neves dos Santos<br \/>\n<strong>DIRETOR SOCIAL:<\/strong> Rafael Prado de Oliveira Silva<br \/>\n<strong>DIRETORA CULTURAL:<\/strong> Maria de F\u00e1tima Misael<\/p>\n<p style=\"text-align: center;\"><strong>MEMBROS DA DIRETORIA DA ASSOCIA\u00c7\u00c3O DRAG\u00c3O BRANCO<\/strong><br \/>\n<strong>DE ARTES MARCIAIS \u2013 GEST\u00c3O 2018\/2022<\/strong><\/p>\n<p><strong>PRESIDENTE:<\/strong> Jo\u00e3o Batista Chical\u00e9 Jr.<br \/>\n<strong>VICE &#8211; PRESIDENTE:<\/strong> Jeferson Paulo Genov\u00eas<br \/>\n<strong>SECRET\u00c1RIA:<\/strong> Jhulye Stefani Ferreira Capeli<br \/>\n<strong>TESOUREIRO:<\/strong> Bruno Vieira da Silva Bonfim<br \/>\n<strong>DIRETOR DE ESPORTES:<\/strong> Anderson Neves dos Santos<br \/>\n<strong>DIRETOR SOCIAL:<\/strong> Luiz El\u00f3i Rosa Tomaz Ferreira<br \/>\n<strong>DIRETORA CULTURAL:<\/strong> Dilma Maria da Silva<\/p>\n","protected":false},"excerpt":{"rendered":"<p>MEMBROS DA DIRETORIA DA ASSOCIA\u00c7\u00c3O DRAG\u00c3O BRANCO DE ARTES MARCIAIS \u2013 GEST\u00c3O 2022\/2026 PRESIDENTE: Jo\u00e3o Batista Chical\u00e9 Jr. VICE &#8211; PRESIDENTE: Gustavo Henrique de Souza [&hellip;]<\/p>\n","protected":false},"author":1,"featured_media":0,"parent":30,"menu_order":0,"comment_status":"closed","ping_status":"closed","template":"","meta":{"footnotes":""},"class_list":["post-8","page","type-page","status-publish","hentry"],"_links":{"self":[{"href":"https:\/\/www.dragaobranco.org.br\/site\/wp-json\/wp\/v2\/pages\/8","targetHints":{"allow":["GET"]}}],"collection":[{"href":"https:\/\/www.dragaobranco.org.br\/site\/wp-json\/wp\/v2\/pages"}],"about":[{"href":"https:\/\/www.dragaobranco.org.br\/site\/wp-json\/wp\/v2\/types\/page"}],"author":[{"embeddable":true,"href":"https:\/\/www.dragaobranco.org.br\/site\/wp-json\/wp\/v2\/users\/1"}],"replies":[{"embeddable":true,"href":"https:\/\/www.dragaobranco.org.br\/site\/wp-json\/wp\/v2\/comments?post=8"}],"version-history":[{"count":5,"href":"https:\/\/www.dragaobranco.org.br\/site\/wp-json\/wp\/v2\/pages\/8\/revisions"}],"predecessor-version":[{"id":900,"href":"https:\/\/www.dragaobranco.org.br\/site\/wp-json\/wp\/v2\/pages\/8\/revisions\/900"}],"up":[{"embeddable":true,"href":"https:\/\/www.dragaobranco.org.br\/site\/wp-json\/wp\/v2\/pages\/30"}],"wp:attachment":[{"href":"https:\/\/www.dragaobranco.org.br\/site\/wp-json\/wp\/v2\/media?parent=8"}],"curies":[{"name":"wp","href":"https:\/\/api.w.org\/{rel}","templated":true}]}}